{"id":34770,"date":"2026-04-08T10:10:41","date_gmt":"2026-04-08T08:10:41","guid":{"rendered":"https:\/\/www.claraprivat.com\/fotografia\/"},"modified":"2026-04-09T12:47:48","modified_gmt":"2026-04-09T10:47:48","slug":"fotografia","status":"publish","type":"page","link":"https:\/\/www.claraprivat.com\/es\/fotografia\/","title":{"rendered":"FOTOGRAF\u00cdA"},"content":{"rendered":"\t\t<div data-elementor-type=\"wp-page\" data-elementor-id=\"34770\" class=\"elementor elementor-34770 elementor-34432\">\n\t\t\t\t\t\t<section class=\"elementor-section elementor-top-section elementor-element elementor-element-295645e elementor-section-full_width elementor-section-height-default elementor-section-height-default sc_fly_static\" data-id=\"295645e\" data-element_type=\"section\" data-e-type=\"section\" data-settings=\"{&quot;background_background&quot;:&quot;classic&quot;}\">\n\t\t\t\t\t\t<div class=\"elementor-container elementor-column-gap-no\">\n\t\t\t\t\t<div class=\"elementor-column elementor-col-100 elementor-top-column elementor-element elementor-element-09fd53c sc_content_align_inherit sc_layouts_column_icons_position_left sc_fly_static\" data-id=\"09fd53c\" data-element_type=\"column\" data-e-type=\"column\" data-settings=\"{&quot;background_background&quot;:&quot;classic&quot;}\">\n\t\t\t<div class=\"elementor-widget-wrap elementor-element-populated\">\n\t\t\t\t\t\t<div class=\"elementor-element elementor-element-34365c9 sc_height_large sc_fly_static elementor-widget elementor-widget-spacer\" data-id=\"34365c9\" data-element_type=\"widget\" data-e-type=\"widget\" data-widget_type=\"spacer.default\">\n\t\t\t\t<div class=\"elementor-widget-container\">\n\t\t\t\t\t\t\t<div class=\"elementor-spacer\">\n\t\t\t<div class=\"elementor-spacer-inner\"><\/div>\n\t\t<\/div>\n\t\t\t\t\t\t<\/div>\n\t\t\t\t<\/div>\n\t\t\t\t<div class=\"elementor-element elementor-element-e8e4cd3 elementor-widget__width-initial sc_fly_static elementor-widget elementor-widget-text-editor\" data-id=\"e8e4cd3\" data-element_type=\"widget\" data-e-type=\"widget\" data-widget_type=\"text-editor.default\">\n\t\t\t\t<div class=\"elementor-widget-container\">\n\t\t\t\t\t\t\t\t\t<p data-syno-attrs=\"{\"textMarks\":[{\"_\":\"font_family\",\"complexScript\":\"Helvetica\",\"eastAsia\":\"Helvetica\",\"value\":\"Helvetica\"},{\"_\":\"font_size\",\"value\":10}]}\"><span data-syno-attrs=\"{\"value\":\"Helvetica\",\"eastAsia\":\"Helvetica\",\"complexScript\":\"Helvetica\",\"hint\":\"default\"}\">Adem\u00e1s de mi trabajo delante de la c\u00e1mara, ofrezco servicios de fotograf\u00eda con una marcada influencia cinematogr\u00e1fica. Mi enfoque visual es \u00edntimo, inspirado en el cine y guiado por la emoci\u00f3n, capturando personas y momentos con sensibilidad y atm\u00f3sfera. <\/span><\/p><p data-syno-attrs=\"{\"textMarks\":[{\"_\":\"font_family\",\"complexScript\":\"Helvetica\",\"eastAsia\":\"Helvetica\",\"value\":\"Helvetica\"},{\"_\":\"font_size\",\"value\":10}]}\"><span data-syno-attrs=\"{\"value\":\"Helvetica\",\"eastAsia\":\"Helvetica\",\"complexScript\":\"Helvetica\",\"hint\":\"default\"}\">Me centro en retratos, proyectos personales, im\u00e1genes de estilo de vida y narrativa entre bastidores, creando im\u00e1genes que se sienten honestas, vividas y cinematogr\u00e1ficas, como fotogramas de una pel\u00edcula invisible.<\/span><\/p>\t\t\t\t\t\t\t\t<\/div>\n\t\t\t\t<\/div>\n\t\t\t\t<div class=\"elementor-element elementor-element-e66fc5e sc_height_large sc_fly_static elementor-widget elementor-widget-spacer\" data-id=\"e66fc5e\" data-element_type=\"widget\" data-e-type=\"widget\" data-widget_type=\"spacer.default\">\n\t\t\t\t<div class=\"elementor-widget-container\">\n\t\t\t\t\t\t\t<div class=\"elementor-spacer\">\n\t\t\t<div class=\"elementor-spacer-inner\"><\/div>\n\t\t<\/div>\n\t\t\t\t\t\t<\/div>\n\t\t\t\t<\/div>\n\t\t\t\t<div class=\"elementor-element elementor-element-f91d8bb sc_style_default sc_fly_static elementor-widget elementor-widget-trx_sc_blogger\" data-id=\"f91d8bb\" data-element_type=\"widget\" data-e-type=\"widget\" data-widget_type=\"trx_sc_blogger.default\">\n\t\t\t\t<div class=\"elementor-widget-container\">\n\t\t\t\t\t<div \t\tclass=\"sc_blogger sc_blogger_lay_portfolio_grid sc_blogger_lay_portfolio_grid_grid_style_9 sc_item_filters_tabs_none alignnone\" ><div class=\"sc_blogger_content sc_item_content sc_item_posts_container\" ><div class=\"sc_blogger_grid_wrap sc_blogger_grid_5 sc_blogger_grid_columns_3\" ><div data-post-id=\"35084\" data-item-number=\"1\" class=\"sc_blogger_item sc_item_container post_container sc_blogger_item_lay_portfolio sc_blogger_item_lay_portfolio_style_7 sc_blogger_item_odd sc_blogger_item_align_none post_format_standard sc_blogger_item_with_image sc_blogger_item_no_excerpt sc_blogger_item_image_position_top post-35084 cpt_portfolio type-cpt_portfolio status-publish has-post-thumbnail hentry cpt_portfolio_group-fotografia\" ><div class=\"sc_blogger_item_body\"><div class=\"post_featured with_thumb hover_on_ripple sc_item_featured sc_blogger_item_featured post_featured_bg trx_addons_image_effects_on_ripple\" data-ratio=\"16:9\" data-image-effect=\"on_ripple\" data-image-effect-scale=\"1\" data-image-effect-strength=\"30\" data-image-effect-waves-direction=\"1\"><span class=\"post_thumb post_thumb_bg bg_in chroma_inline_1510099112\"><\/span>\t\t\t\t\t\t<div class=\"mask\"><\/div>\n\t\t\t\t\t\t<img fetchpriority=\"high\" decoding=\"async\" width=\"1707\" height=\"2560\" src=\"https:\/\/www.claraprivat.com\/wp-content\/uploads\/2026\/04\/SATTA3-scaled.webp\" class=\"trx_addons_image_effect_original_image\" alt=\"\" srcset=\"https:\/\/www.claraprivat.com\/wp-content\/uploads\/2026\/04\/SATTA3-scaled.webp 1707w, https:\/\/www.claraprivat.com\/wp-content\/uploads\/2026\/04\/SATTA3-200x300.webp 200w, https:\/\/www.claraprivat.com\/wp-content\/uploads\/2026\/04\/SATTA3-683x1024.webp 683w, https:\/\/www.claraprivat.com\/wp-content\/uploads\/2026\/04\/SATTA3-768x1152.webp 768w, https:\/\/www.claraprivat.com\/wp-content\/uploads\/2026\/04\/SATTA3-1024x1536.webp 1024w, https:\/\/www.claraprivat.com\/wp-content\/uploads\/2026\/04\/SATTA3-1365x2048.webp 1365w, https:\/\/www.claraprivat.com\/wp-content\/uploads\/2026\/04\/SATTA3-370x555.webp 370w, https:\/\/www.claraprivat.com\/wp-content\/uploads\/2026\/04\/SATTA3-840x1260.webp 840w, https:\/\/www.claraprivat.com\/wp-content\/uploads\/2026\/04\/SATTA3-410x615.webp 410w\" sizes=\"(max-width: 1707px) 100vw, 1707px\" \/><div class=\"post_info_bl\"><h5 class=\"sc_blogger_item_title entry-title\" data-item-number=\"1\"><a href=\"https:\/\/www.claraprivat.com\/es\/portfolio\/campana-satta\/\" rel=\"bookmark\">Campa\u00f1a SATTA<\/a><\/h5><div class=\"post_meta sc_blogger_item_meta post_meta_categories\"><span class=\"post_meta_item post_categories cat_sep\"><a href=\"https:\/\/www.claraprivat.com\/es\/portfolio_group\/fotografia\/\" title=\"View all posts in Fotograf\u00eda\">Fotograf\u00eda<\/a><\/span><\/div><\/div><a class=\"post_link sc_blogger_item_link\" href=\"https:\/\/www.claraprivat.com\/es\/portfolio\/campana-satta\/\"><\/a>\t\t\t\t<a href=\"https:\/\/www.claraprivat.com\/es\/portfolio\/campana-satta\/\"  aria-hidden=\"true\" class=\"icons\"><\/a>\n\t\t\t\t<\/div><\/div><!-- .sc_blogger_item_body --><\/div><!-- .sc_blogger_item --><div data-post-id=\"34990\" data-item-number=\"2\" class=\"sc_blogger_item sc_item_container post_container sc_blogger_item_lay_portfolio sc_blogger_item_lay_portfolio_style_7 sc_blogger_item_even sc_blogger_item_align_none post_format_standard sc_blogger_item_with_image sc_blogger_item_no_excerpt sc_blogger_item_image_position_top post-34990 cpt_portfolio type-cpt_portfolio status-publish has-post-thumbnail hentry cpt_portfolio_group-fotografia\" ><div class=\"sc_blogger_item_body\"><div class=\"post_featured with_thumb hover_on_ripple sc_item_featured sc_blogger_item_featured post_featured_bg trx_addons_image_effects_on_ripple\" data-ratio=\"16:9\" data-image-effect=\"on_ripple\" data-image-effect-scale=\"1\" data-image-effect-strength=\"30\" data-image-effect-waves-direction=\"1\"><span class=\"post_thumb post_thumb_bg bg_in chroma_inline_1122551614\"><\/span>\t\t\t\t\t\t<div class=\"mask\"><\/div>\n\t\t\t\t\t\t<img decoding=\"async\" width=\"890\" height=\"664\" src=\"https:\/\/www.claraprivat.com\/wp-content\/uploads\/2026\/04\/mex12-copia-890x664.webp\" class=\"trx_addons_image_effect_original_image\" alt=\"\" \/><div class=\"post_info_bl\"><h5 class=\"sc_blogger_item_title entry-title\" data-item-number=\"2\"><a href=\"https:\/\/www.claraprivat.com\/es\/portfolio\/personal\/\" rel=\"bookmark\">Personal<\/a><\/h5><div class=\"post_meta sc_blogger_item_meta post_meta_categories\"><span class=\"post_meta_item post_categories cat_sep\"><a href=\"https:\/\/www.claraprivat.com\/es\/portfolio_group\/fotografia\/\" title=\"View all posts in Fotograf\u00eda\">Fotograf\u00eda<\/a><\/span><\/div><\/div><a class=\"post_link sc_blogger_item_link\" href=\"https:\/\/www.claraprivat.com\/es\/portfolio\/personal\/\"><\/a>\t\t\t\t<a href=\"https:\/\/www.claraprivat.com\/es\/portfolio\/personal\/\"  aria-hidden=\"true\" class=\"icons\"><\/a>\n\t\t\t\t<\/div><\/div><!-- .sc_blogger_item_body --><\/div><!-- .sc_blogger_item --><div data-post-id=\"34948\" data-item-number=\"3\" class=\"sc_blogger_item sc_item_container post_container sc_blogger_item_lay_portfolio sc_blogger_item_lay_portfolio_style_7 sc_blogger_item_odd sc_blogger_item_align_none post_format_standard sc_blogger_item_with_image sc_blogger_item_no_excerpt sc_blogger_item_image_position_top post-34948 cpt_portfolio type-cpt_portfolio status-publish has-post-thumbnail hentry cpt_portfolio_group-fotografia\" ><div class=\"sc_blogger_item_body\"><div class=\"post_featured with_thumb hover_on_ripple sc_item_featured sc_blogger_item_featured post_featured_bg trx_addons_image_effects_on_ripple\" data-ratio=\"16:9\" data-image-effect=\"on_ripple\" data-image-effect-scale=\"1\" data-image-effect-strength=\"30\" data-image-effect-waves-direction=\"1\"><span class=\"post_thumb post_thumb_bg bg_in chroma_inline_885071265\"><\/span>\t\t\t\t\t\t<div class=\"mask\"><\/div>\n\t\t\t\t\t\t<img decoding=\"async\" width=\"800\" height=\"664\" src=\"https:\/\/www.claraprivat.com\/wp-content\/uploads\/2026\/04\/MARIA-DEL-VILLAR-campaign24-800x664.webp\" class=\"trx_addons_image_effect_original_image\" alt=\"\" \/><div class=\"post_info_bl\"><h5 class=\"sc_blogger_item_title entry-title\" data-item-number=\"3\"><a href=\"https:\/\/www.claraprivat.com\/es\/portfolio\/campana-maria-del-villar\/\" rel=\"bookmark\">Campa\u00f1a MARIA DEL VILLAR<\/a><\/h5><div class=\"post_meta sc_blogger_item_meta post_meta_categories\"><span class=\"post_meta_item post_categories cat_sep\"><a href=\"https:\/\/www.claraprivat.com\/es\/portfolio_group\/fotografia\/\" title=\"View all posts in Fotograf\u00eda\">Fotograf\u00eda<\/a><\/span><\/div><\/div><a class=\"post_link sc_blogger_item_link\" href=\"https:\/\/www.claraprivat.com\/es\/portfolio\/campana-maria-del-villar\/\"><\/a>\t\t\t\t<a href=\"https:\/\/www.claraprivat.com\/es\/portfolio\/campana-maria-del-villar\/\"  aria-hidden=\"true\" class=\"icons\"><\/a>\n\t\t\t\t<\/div><\/div><!-- .sc_blogger_item_body --><\/div><!-- .sc_blogger_item --><div data-post-id=\"35055\" data-item-number=\"4\" class=\"sc_blogger_item sc_item_container post_container sc_blogger_item_lay_portfolio sc_blogger_item_lay_portfolio_style_7 sc_blogger_item_even sc_blogger_item_align_none post_format_standard sc_blogger_item_with_image sc_blogger_item_no_excerpt sc_blogger_item_image_position_top post-35055 cpt_portfolio type-cpt_portfolio status-publish has-post-thumbnail hentry cpt_portfolio_group-fotografia\" ><div class=\"sc_blogger_item_body\"><div class=\"post_featured with_thumb hover_on_ripple sc_item_featured sc_blogger_item_featured post_featured_bg trx_addons_image_effects_on_ripple\" data-ratio=\"16:9\" data-image-effect=\"on_ripple\" data-image-effect-scale=\"1\" data-image-effect-strength=\"30\" data-image-effect-waves-direction=\"1\"><span class=\"post_thumb post_thumb_bg bg_in chroma_inline_1351306137\"><\/span>\t\t\t\t\t\t<div class=\"mask\"><\/div>\n\t\t\t\t\t\t<img loading=\"lazy\" decoding=\"async\" width=\"890\" height=\"664\" src=\"https:\/\/www.claraprivat.com\/wp-content\/uploads\/2026\/04\/PDFS-DIAPOS17-890x664.webp\" class=\"trx_addons_image_effect_original_image\" alt=\"\" \/><div class=\"post_info_bl\"><h5 class=\"sc_blogger_item_title entry-title\" data-item-number=\"4\"><a href=\"https:\/\/www.claraprivat.com\/es\/portfolio\/pdf-diapos\/\" rel=\"bookmark\">Embarazo<\/a><\/h5><div class=\"post_meta sc_blogger_item_meta post_meta_categories\"><span class=\"post_meta_item post_categories cat_sep\"><a href=\"https:\/\/www.claraprivat.com\/es\/portfolio_group\/fotografia\/\" title=\"View all posts in Fotograf\u00eda\">Fotograf\u00eda<\/a><\/span><\/div><\/div><a class=\"post_link sc_blogger_item_link\" href=\"https:\/\/www.claraprivat.com\/es\/portfolio\/pdf-diapos\/\"><\/a>\t\t\t\t<a href=\"https:\/\/www.claraprivat.com\/es\/portfolio\/pdf-diapos\/\"  aria-hidden=\"true\" class=\"icons\"><\/a>\n\t\t\t\t<\/div><\/div><!-- .sc_blogger_item_body --><\/div><!-- .sc_blogger_item --><div data-post-id=\"34973\" data-item-number=\"5\" class=\"sc_blogger_item sc_item_container post_container sc_blogger_item_lay_portfolio sc_blogger_item_lay_portfolio_style_7 sc_blogger_item_odd sc_blogger_item_align_none post_format_standard sc_blogger_item_with_image sc_blogger_item_no_excerpt sc_blogger_item_image_position_top post-34973 cpt_portfolio type-cpt_portfolio status-publish has-post-thumbnail hentry cpt_portfolio_group-fotografia\" ><div class=\"sc_blogger_item_body\"><div class=\"post_featured with_thumb hover_on_ripple sc_item_featured sc_blogger_item_featured post_featured_bg trx_addons_image_effects_on_ripple\" data-ratio=\"16:9\" data-image-effect=\"on_ripple\" data-image-effect-scale=\"1\" data-image-effect-strength=\"30\" data-image-effect-waves-direction=\"1\"><span class=\"post_thumb post_thumb_bg bg_in chroma_inline_1734538539\"><\/span>\t\t\t\t\t\t<div class=\"mask\"><\/div>\n\t\t\t\t\t\t<img loading=\"lazy\" decoding=\"async\" width=\"890\" height=\"664\" src=\"https:\/\/www.claraprivat.com\/wp-content\/uploads\/2026\/04\/folie-clara-privat8-890x664.webp\" class=\"trx_addons_image_effect_original_image\" alt=\"\" \/><div class=\"post_info_bl\"><h5 class=\"sc_blogger_item_title entry-title\" data-item-number=\"5\"><a href=\"https:\/\/www.claraprivat.com\/es\/portfolio\/folie\/\" rel=\"bookmark\">Folie<\/a><\/h5><div class=\"post_meta sc_blogger_item_meta post_meta_categories\"><span class=\"post_meta_item post_categories cat_sep\"><a href=\"https:\/\/www.claraprivat.com\/es\/portfolio_group\/fotografia\/\" title=\"View all posts in Fotograf\u00eda\">Fotograf\u00eda<\/a><\/span><\/div><\/div><a class=\"post_link sc_blogger_item_link\" href=\"https:\/\/www.claraprivat.com\/es\/portfolio\/folie\/\"><\/a>\t\t\t\t<a href=\"https:\/\/www.claraprivat.com\/es\/portfolio\/folie\/\"  aria-hidden=\"true\" class=\"icons\"><\/a>\n\t\t\t\t<\/div><\/div><!-- .sc_blogger_item_body --><\/div><!-- .sc_blogger_item --><\/div><\/div><\/div>\t\t\t\t<\/div>\n\t\t\t\t<\/div>\n\t\t\t\t<div class=\"elementor-element elementor-element-35f0a8d sc_height_huge sc_fly_static elementor-widget elementor-widget-spacer\" data-id=\"35f0a8d\" data-element_type=\"widget\" data-e-type=\"widget\" data-widget_type=\"spacer.default\">\n\t\t\t\t<div class=\"elementor-widget-container\">\n\t\t\t\t\t\t\t<div class=\"elementor-spacer\">\n\t\t\t<div class=\"elementor-spacer-inner\"><\/div>\n\t\t<\/div>\n\t\t\t\t\t\t<\/div>\n\t\t\t\t<\/div>\n\t\t\t\t\t<\/div>\n\t\t<\/div>\n\t\t\t\t\t<\/div>\n\t\t<\/section>\n\t\t\t\t<\/div>\n\t\t","protected":false},"excerpt":{"rendered":"<p>Adem\u00e1s de mi trabajo delante de la c\u00e1mara, ofrezco servicios de fotograf\u00eda con una marcada influencia cinematogr\u00e1fica. Mi enfoque visual es \u00edntimo, inspirado en el cine y guiado por la&hellip;<\/p>\n","protected":false},"author":1,"featured_media":0,"parent":0,"menu_order":0,"comment_status":"closed","ping_status":"closed","template":"","meta":{"inline_featured_image":false,"footnotes":""},"class_list":["post-34770","page","type-page","status-publish","hentry"],"yoast_head":"<!-- This site is optimized with the Yoast SEO plugin v27.3 - https:\/\/yoast.com\/product\/yoast-seo-wordpress\/ -->\n<title>FOTOGRAF\u00cdA - Clara Privat<\/title>\n<meta name=\"robots\" content=\"index, follow, max-snippet:-1, max-image-preview:large, max-video-preview:-1\" \/>\n<link rel=\"canonical\" href=\"https:\/\/www.claraprivat.com\/es\/fotografia\/\" \/>\n<meta property=\"og:locale\" content=\"es_ES\" \/>\n<meta property=\"og:type\" content=\"article\" \/>\n<meta property=\"og:title\" content=\"FOTOGRAF\u00cdA - Clara Privat\" \/>\n<meta property=\"og:description\" content=\"Adem\u00e1s de mi trabajo delante de la c\u00e1mara, ofrezco servicios de fotograf\u00eda con una marcada influencia cinematogr\u00e1fica. Mi enfoque visual es \u00edntimo, inspirado en el cine y guiado por la&hellip;\" \/>\n<meta property=\"og:url\" content=\"https:\/\/www.claraprivat.com\/es\/fotografia\/\" \/>\n<meta property=\"og:site_name\" content=\"Clara Privat\" \/>\n<meta property=\"article:modified_time\" content=\"2026-04-09T10:47:48+00:00\" \/>\n<meta property=\"og:image\" content=\"https:\/\/www.claraprivat.com\/wp-content\/uploads\/2026\/04\/SATTA3-scaled.webp\" \/>\n<meta name=\"twitter:card\" content=\"summary_large_image\" \/>\n<script type=\"application\/ld+json\" class=\"yoast-schema-graph\">{\"@context\":\"https:\\\/\\\/schema.org\",\"@graph\":[{\"@type\":\"WebPage\",\"@id\":\"https:\\\/\\\/www.claraprivat.com\\\/es\\\/fotografia\\\/\",\"url\":\"https:\\\/\\\/www.claraprivat.com\\\/es\\\/fotografia\\\/\",\"name\":\"FOTOGRAF\u00cdA - Clara Privat\",\"isPartOf\":{\"@id\":\"https:\\\/\\\/www.claraprivat.com\\\/#website\"},\"primaryImageOfPage\":{\"@id\":\"https:\\\/\\\/www.claraprivat.com\\\/es\\\/fotografia\\\/#primaryimage\"},\"image\":{\"@id\":\"https:\\\/\\\/www.claraprivat.com\\\/es\\\/fotografia\\\/#primaryimage\"},\"thumbnailUrl\":\"https:\\\/\\\/www.claraprivat.com\\\/wp-content\\\/uploads\\\/2026\\\/04\\\/SATTA3-scaled.webp\",\"datePublished\":\"2026-04-08T08:10:41+00:00\",\"dateModified\":\"2026-04-09T10:47:48+00:00\",\"breadcrumb\":{\"@id\":\"https:\\\/\\\/www.claraprivat.com\\\/es\\\/fotografia\\\/#breadcrumb\"},\"inLanguage\":\"es\",\"potentialAction\":[{\"@type\":\"ReadAction\",\"target\":[\"https:\\\/\\\/www.claraprivat.com\\\/es\\\/fotografia\\\/\"]}]},{\"@type\":\"ImageObject\",\"inLanguage\":\"es\",\"@id\":\"https:\\\/\\\/www.claraprivat.com\\\/es\\\/fotografia\\\/#primaryimage\",\"url\":\"https:\\\/\\\/www.claraprivat.com\\\/wp-content\\\/uploads\\\/2026\\\/04\\\/SATTA3-scaled.webp\",\"contentUrl\":\"https:\\\/\\\/www.claraprivat.com\\\/wp-content\\\/uploads\\\/2026\\\/04\\\/SATTA3-scaled.webp\"},{\"@type\":\"BreadcrumbList\",\"@id\":\"https:\\\/\\\/www.claraprivat.com\\\/es\\\/fotografia\\\/#breadcrumb\",\"itemListElement\":[{\"@type\":\"ListItem\",\"position\":1,\"name\":\"Home\",\"item\":\"https:\\\/\\\/www.claraprivat.com\\\/es\\\/\"},{\"@type\":\"ListItem\",\"position\":2,\"name\":\"FOTOGRAF\u00cdA\"}]},{\"@type\":\"WebSite\",\"@id\":\"https:\\\/\\\/www.claraprivat.com\\\/#website\",\"url\":\"https:\\\/\\\/www.claraprivat.com\\\/\",\"name\":\"Clara Privat\",\"description\":\"Acting - Modeling - Photographer\",\"publisher\":{\"@id\":\"https:\\\/\\\/www.claraprivat.com\\\/#organization\"},\"potentialAction\":[{\"@type\":\"SearchAction\",\"target\":{\"@type\":\"EntryPoint\",\"urlTemplate\":\"https:\\\/\\\/www.claraprivat.com\\\/?s={search_term_string}\"},\"query-input\":{\"@type\":\"PropertyValueSpecification\",\"valueRequired\":true,\"valueName\":\"search_term_string\"}}],\"inLanguage\":\"es\"},{\"@type\":\"Organization\",\"@id\":\"https:\\\/\\\/www.claraprivat.com\\\/#organization\",\"name\":\"Clara Privat\",\"url\":\"https:\\\/\\\/www.claraprivat.com\\\/\",\"logo\":{\"@type\":\"ImageObject\",\"inLanguage\":\"es\",\"@id\":\"https:\\\/\\\/www.claraprivat.com\\\/#\\\/schema\\\/logo\\\/image\\\/\",\"url\":\"https:\\\/\\\/www.claraprivat.com\\\/wp-content\\\/uploads\\\/2026\\\/04\\\/Logo-blanco.png\",\"contentUrl\":\"https:\\\/\\\/www.claraprivat.com\\\/wp-content\\\/uploads\\\/2026\\\/04\\\/Logo-blanco.png\",\"width\":830,\"height\":115,\"caption\":\"Clara Privat\"},\"image\":{\"@id\":\"https:\\\/\\\/www.claraprivat.com\\\/#\\\/schema\\\/logo\\\/image\\\/\"}}]}<\/script>\n<!-- \/ Yoast SEO plugin. -->","yoast_head_json":{"title":"FOTOGRAF\u00cdA - Clara Privat","robots":{"index":"index","follow":"follow","max-snippet":"max-snippet:-1","max-image-preview":"max-image-preview:large","max-video-preview":"max-video-preview:-1"},"canonical":"https:\/\/www.claraprivat.com\/es\/fotografia\/","og_locale":"es_ES","og_type":"article","og_title":"FOTOGRAF\u00cdA - Clara Privat","og_description":"Adem\u00e1s de mi trabajo delante de la c\u00e1mara, ofrezco servicios de fotograf\u00eda con una marcada influencia cinematogr\u00e1fica. Mi enfoque visual es \u00edntimo, inspirado en el cine y guiado por la&hellip;","og_url":"https:\/\/www.claraprivat.com\/es\/fotografia\/","og_site_name":"Clara Privat","article_modified_time":"2026-04-09T10:47:48+00:00","og_image":[{"url":"https:\/\/www.claraprivat.com\/wp-content\/uploads\/2026\/04\/SATTA3-scaled.webp","type":"","width":"","height":""}],"twitter_card":"summary_large_image","schema":{"@context":"https:\/\/schema.org","@graph":[{"@type":"WebPage","@id":"https:\/\/www.claraprivat.com\/es\/fotografia\/","url":"https:\/\/www.claraprivat.com\/es\/fotografia\/","name":"FOTOGRAF\u00cdA - Clara Privat","isPartOf":{"@id":"https:\/\/www.claraprivat.com\/#website"},"primaryImageOfPage":{"@id":"https:\/\/www.claraprivat.com\/es\/fotografia\/#primaryimage"},"image":{"@id":"https:\/\/www.claraprivat.com\/es\/fotografia\/#primaryimage"},"thumbnailUrl":"https:\/\/www.claraprivat.com\/wp-content\/uploads\/2026\/04\/SATTA3-scaled.webp","datePublished":"2026-04-08T08:10:41+00:00","dateModified":"2026-04-09T10:47:48+00:00","breadcrumb":{"@id":"https:\/\/www.claraprivat.com\/es\/fotografia\/#breadcrumb"},"inLanguage":"es","potentialAction":[{"@type":"ReadAction","target":["https:\/\/www.claraprivat.com\/es\/fotografia\/"]}]},{"@type":"ImageObject","inLanguage":"es","@id":"https:\/\/www.claraprivat.com\/es\/fotografia\/#primaryimage","url":"https:\/\/www.claraprivat.com\/wp-content\/uploads\/2026\/04\/SATTA3-scaled.webp","contentUrl":"https:\/\/www.claraprivat.com\/wp-content\/uploads\/2026\/04\/SATTA3-scaled.webp"},{"@type":"BreadcrumbList","@id":"https:\/\/www.claraprivat.com\/es\/fotografia\/#breadcrumb","itemListElement":[{"@type":"ListItem","position":1,"name":"Home","item":"https:\/\/www.claraprivat.com\/es\/"},{"@type":"ListItem","position":2,"name":"FOTOGRAF\u00cdA"}]},{"@type":"WebSite","@id":"https:\/\/www.claraprivat.com\/#website","url":"https:\/\/www.claraprivat.com\/","name":"Clara Privat","description":"Acting - Modeling - Photographer","publisher":{"@id":"https:\/\/www.claraprivat.com\/#organization"},"potentialAction":[{"@type":"SearchAction","target":{"@type":"EntryPoint","urlTemplate":"https:\/\/www.claraprivat.com\/?s={search_term_string}"},"query-input":{"@type":"PropertyValueSpecification","valueRequired":true,"valueName":"search_term_string"}}],"inLanguage":"es"},{"@type":"Organization","@id":"https:\/\/www.claraprivat.com\/#organization","name":"Clara Privat","url":"https:\/\/www.claraprivat.com\/","logo":{"@type":"ImageObject","inLanguage":"es","@id":"https:\/\/www.claraprivat.com\/#\/schema\/logo\/image\/","url":"https:\/\/www.claraprivat.com\/wp-content\/uploads\/2026\/04\/Logo-blanco.png","contentUrl":"https:\/\/www.claraprivat.com\/wp-content\/uploads\/2026\/04\/Logo-blanco.png","width":830,"height":115,"caption":"Clara Privat"},"image":{"@id":"https:\/\/www.claraprivat.com\/#\/schema\/logo\/image\/"}}]}},"_links":{"self":[{"href":"https:\/\/www.claraprivat.com\/es\/wp-json\/wp\/v2\/pages\/34770","targetHints":{"allow":["GET"]}}],"collection":[{"href":"https:\/\/www.claraprivat.com\/es\/wp-json\/wp\/v2\/pages"}],"about":[{"href":"https:\/\/www.claraprivat.com\/es\/wp-json\/wp\/v2\/types\/page"}],"author":[{"embeddable":true,"href":"https:\/\/www.claraprivat.com\/es\/wp-json\/wp\/v2\/users\/1"}],"replies":[{"embeddable":true,"href":"https:\/\/www.claraprivat.com\/es\/wp-json\/wp\/v2\/comments?post=34770"}],"version-history":[{"count":1,"href":"https:\/\/www.claraprivat.com\/es\/wp-json\/wp\/v2\/pages\/34770\/revisions"}],"predecessor-version":[{"id":34774,"href":"https:\/\/www.claraprivat.com\/es\/wp-json\/wp\/v2\/pages\/34770\/revisions\/34774"}],"wp:attachment":[{"href":"https:\/\/www.claraprivat.com\/es\/wp-json\/wp\/v2\/media?parent=34770"}],"curies":[{"name":"wp","href":"https:\/\/api.w.org\/{rel}","templated":true}]}}