{"id":34775,"date":"2026-04-09T10:39:56","date_gmt":"2026-04-09T08:39:56","guid":{"rendered":"https:\/\/www.claraprivat.com\/accessibility\/"},"modified":"2026-04-13T10:59:43","modified_gmt":"2026-04-13T08:59:43","slug":"accessibility","status":"publish","type":"page","link":"https:\/\/www.claraprivat.com\/es\/accessibility\/","title":{"rendered":"Accesibilidad"},"content":{"rendered":"\t\t<div data-elementor-type=\"wp-page\" data-elementor-id=\"34775\" class=\"elementor elementor-34775 elementor-34677\">\n\t\t\t\t\t\t<section class=\"elementor-section elementor-top-section elementor-element elementor-element-2b1184b0 elementor-section-boxed elementor-section-height-default elementor-section-height-default sc_fly_static\" data-id=\"2b1184b0\" data-element_type=\"section\" data-e-type=\"section\" data-settings=\"{&quot;background_background&quot;:&quot;classic&quot;}\">\n\t\t\t\t\t\t<div class=\"elementor-container elementor-column-gap-extended\">\n\t\t\t\t\t<div class=\"elementor-column elementor-col-100 elementor-top-column elementor-element elementor-element-153e1c19 sc_content_align_inherit sc_layouts_column_icons_position_left sc_fly_static\" data-id=\"153e1c19\" data-element_type=\"column\" data-e-type=\"column\">\n\t\t\t<div class=\"elementor-widget-wrap elementor-element-populated\">\n\t\t\t\t\t\t<div class=\"elementor-element elementor-element-54db29de sc_fly_static elementor-widget elementor-widget-text-editor\" data-id=\"54db29de\" data-element_type=\"widget\" data-e-type=\"widget\" data-widget_type=\"text-editor.default\">\n\t\t\t\t<div class=\"elementor-widget-container\">\n\t\t\t\t\t\t\t\t\t<h1><strong>Accesibilidad<\/strong><\/h1><h3><strong>1. DECLARACI\u00d3N DE ACCESIBILIDAD<\/strong><\/h3><p>Alprocon S.L. se compromete a hacer accesible su sitio web de conformidad con el Real Decreto 1112\/2018, de 7 de septiembre.<\/p><p>Esta declaraci\u00f3n de accesibilidad se aplica al sitio web: <a href=\"https:\/\/www.claraprivat.com\/es\/\">https:\/\/www.claraprivat.com<\/a><\/p><hr><h3><strong>2. ESTADO DE CONFORMIDAD<\/strong><\/h3><p>Este sitio web es parcialmente conforme con el Real Decreto 1112\/2018, de 7 de septiembre, debido a la falta de conformidad de los aspectos que se indican a continuaci\u00f3n:<\/p><p>Existen elementos en la interfaz de navegaci\u00f3n del sitio web que, por su morfolog\u00eda y dise\u00f1o, quedan excluidos de los est\u00e1ndares de accesibilidad. Sin embargo, esto no impide su correcto uso y funcionalidad por parte de todos los usuarios. <\/p><hr><h3><strong>3. PREPARACI\u00d3N DE ESTA DECLARACI\u00d3N DE ACCESIBILIDAD<\/strong><\/h3><p>Esta declaraci\u00f3n fue preparada el 9 de abril de 2026.<\/p><p>El m\u00e9todo empleado para preparar la declaraci\u00f3n ha sido una autoevaluaci\u00f3n llevada a cabo por la propia empresa.<\/p><p>\u00daltima revisi\u00f3n de la declaraci\u00f3n: 9 de abril de 2026.<\/p><hr><h3><strong>4. COMUNICACIONES Y DATOS DE CONTACTO<\/strong><\/h3><p>Podr\u00e1 realizar comunicaciones sobre requisitos de accesibilidad (art\u00edculo 10.2.a del Real Decreto 1112\/2018, de 7 de septiembre) como, por ejemplo:<\/p><ul><li><p>Informar sobre cualquier posible incumplimiento por parte de este sitio web<\/p><\/li><li><p>Transmitir otras dificultades de acceso al contenido<\/p><\/li><li><p>Formular cualquier otra consulta o sugerencia de mejora relativa a la accesibilidad del sitio web<\/p><\/li><\/ul><p>A trav\u00e9s de los siguientes canales:<\/p><p><strong>Correo electr\u00f3nico:<\/strong> <a href=\"mailto:claraprivatvives@gmail.com\">claraprivatvives@gmail.com<\/a><br><strong>Tel\u00e9fono:<\/strong> 649 042 890<\/p><p>Las comunicaciones ser\u00e1n recibidas y tratadas por el titular del sitio web, como responsable del contenido de este sitio web.<\/p><hr><h3><strong>5. PROCEDIMIENTO DE APLICACI\u00d3N<\/strong><\/h3><p>A trav\u00e9s de este procedimiento podr\u00e1 iniciar una reclamaci\u00f3n para conocer y oponerse a los motivos de la desestimaci\u00f3n de una solicitud de informaci\u00f3n accesible o una queja, solicitar la adopci\u00f3n de las medidas oportunas en caso de no estar de acuerdo con la decisi\u00f3n adoptada, o exponer las razones por las que considera que la respuesta no cumple con los requisitos exigidos.<\/p><p>Enlace al procedimiento de reclamaci\u00f3n.<\/p><hr><h3><strong>6. CONTENIDO OPCIONAL<\/strong><\/h3><p>La versi\u00f3n actualmente visible de este sitio web es de fecha 9 de abril de 2026 y en esa fecha se realiz\u00f3 la revisi\u00f3n del nivel de accesibilidad vigente en ese momento.<\/p><p>Entre otras, se han adoptado las siguientes medidas para facilitar la accesibilidad:<\/p><ul><li><p>Uso de texto alternativo en im\u00e1genes<\/p><\/li><li><p>Los enlaces ofrecen detalles sobre la funci\u00f3n o destino del hiperv\u00ednculo<\/p><\/li><li><p>Uso de est\u00e1ndares W3C: XHTML 1.0, CSS 3.0, WAI AA<\/p><\/li><\/ul><p>Puede consultar la p\u00e1gina de Aviso Legal para conocer los navegadores y versiones para los que est\u00e1 optimizado este sitio web.<\/p>\t\t\t\t\t\t\t\t<\/div>\n\t\t\t\t<\/div>\n\t\t\t\t\t<\/div>\n\t\t<\/div>\n\t\t\t\t\t<\/div>\n\t\t<\/section>\n\t\t\t\t<\/div>\n\t\t","protected":false},"excerpt":{"rendered":"<p>Accesibilidad 1. DECLARACI\u00d3N DE ACCESIBILIDAD Alprocon S.L. se compromete a hacer accesible su sitio web de conformidad con el Real Decreto 1112\/2018, de 7 de septiembre. Esta declaraci\u00f3n de accesibilidad&hellip;<\/p>\n","protected":false},"author":1,"featured_media":0,"parent":0,"menu_order":0,"comment_status":"closed","ping_status":"closed","template":"","meta":{"inline_featured_image":false,"footnotes":""},"class_list":["post-34775","page","type-page","status-publish","hentry"],"yoast_head":"<!-- This site is optimized with the Yoast SEO plugin v27.3 - https:\/\/yoast.com\/product\/yoast-seo-wordpress\/ -->\n<title>Accesibilidad - Clara Privat<\/title>\n<meta name=\"robots\" content=\"index, follow, max-snippet:-1, max-image-preview:large, max-video-preview:-1\" \/>\n<link rel=\"canonical\" href=\"https:\/\/www.claraprivat.com\/es\/accessibility\/\" \/>\n<meta property=\"og:locale\" content=\"es_ES\" \/>\n<meta property=\"og:type\" content=\"article\" \/>\n<meta property=\"og:title\" content=\"Accesibilidad - Clara Privat\" \/>\n<meta property=\"og:description\" content=\"Accesibilidad 1. DECLARACI\u00d3N DE ACCESIBILIDAD Alprocon S.L. se compromete a hacer accesible su sitio web de conformidad con el Real Decreto 1112\/2018, de 7 de septiembre. Esta declaraci\u00f3n de accesibilidad&hellip;\" \/>\n<meta property=\"og:url\" content=\"https:\/\/www.claraprivat.com\/es\/accessibility\/\" \/>\n<meta property=\"og:site_name\" content=\"Clara Privat\" \/>\n<meta property=\"article:modified_time\" content=\"2026-04-13T08:59:43+00:00\" \/>\n<meta name=\"twitter:card\" content=\"summary_large_image\" \/>\n<meta name=\"twitter:label1\" content=\"Tiempo de lectura\" \/>\n\t<meta name=\"twitter:data1\" content=\"2 minutos\" \/>\n<script type=\"application\/ld+json\" class=\"yoast-schema-graph\">{\"@context\":\"https:\\\/\\\/schema.org\",\"@graph\":[{\"@type\":\"WebPage\",\"@id\":\"https:\\\/\\\/www.claraprivat.com\\\/es\\\/accessibility\\\/\",\"url\":\"https:\\\/\\\/www.claraprivat.com\\\/es\\\/accessibility\\\/\",\"name\":\"Accesibilidad - Clara Privat\",\"isPartOf\":{\"@id\":\"https:\\\/\\\/www.claraprivat.com\\\/#website\"},\"datePublished\":\"2026-04-09T08:39:56+00:00\",\"dateModified\":\"2026-04-13T08:59:43+00:00\",\"breadcrumb\":{\"@id\":\"https:\\\/\\\/www.claraprivat.com\\\/es\\\/accessibility\\\/#breadcrumb\"},\"inLanguage\":\"es\",\"potentialAction\":[{\"@type\":\"ReadAction\",\"target\":[\"https:\\\/\\\/www.claraprivat.com\\\/es\\\/accessibility\\\/\"]}]},{\"@type\":\"BreadcrumbList\",\"@id\":\"https:\\\/\\\/www.claraprivat.com\\\/es\\\/accessibility\\\/#breadcrumb\",\"itemListElement\":[{\"@type\":\"ListItem\",\"position\":1,\"name\":\"Home\",\"item\":\"https:\\\/\\\/www.claraprivat.com\\\/es\\\/\"},{\"@type\":\"ListItem\",\"position\":2,\"name\":\"Accesibilidad\"}]},{\"@type\":\"WebSite\",\"@id\":\"https:\\\/\\\/www.claraprivat.com\\\/#website\",\"url\":\"https:\\\/\\\/www.claraprivat.com\\\/\",\"name\":\"Clara Privat\",\"description\":\"Acting - Modeling - Photographer\",\"publisher\":{\"@id\":\"https:\\\/\\\/www.claraprivat.com\\\/#organization\"},\"potentialAction\":[{\"@type\":\"SearchAction\",\"target\":{\"@type\":\"EntryPoint\",\"urlTemplate\":\"https:\\\/\\\/www.claraprivat.com\\\/?s={search_term_string}\"},\"query-input\":{\"@type\":\"PropertyValueSpecification\",\"valueRequired\":true,\"valueName\":\"search_term_string\"}}],\"inLanguage\":\"es\"},{\"@type\":\"Organization\",\"@id\":\"https:\\\/\\\/www.claraprivat.com\\\/#organization\",\"name\":\"Clara Privat\",\"url\":\"https:\\\/\\\/www.claraprivat.com\\\/\",\"logo\":{\"@type\":\"ImageObject\",\"inLanguage\":\"es\",\"@id\":\"https:\\\/\\\/www.claraprivat.com\\\/#\\\/schema\\\/logo\\\/image\\\/\",\"url\":\"https:\\\/\\\/www.claraprivat.com\\\/wp-content\\\/uploads\\\/2026\\\/04\\\/Logo-blanco.png\",\"contentUrl\":\"https:\\\/\\\/www.claraprivat.com\\\/wp-content\\\/uploads\\\/2026\\\/04\\\/Logo-blanco.png\",\"width\":830,\"height\":115,\"caption\":\"Clara Privat\"},\"image\":{\"@id\":\"https:\\\/\\\/www.claraprivat.com\\\/#\\\/schema\\\/logo\\\/image\\\/\"}}]}<\/script>\n<!-- \/ Yoast SEO plugin. -->","yoast_head_json":{"title":"Accesibilidad - Clara Privat","robots":{"index":"index","follow":"follow","max-snippet":"max-snippet:-1","max-image-preview":"max-image-preview:large","max-video-preview":"max-video-preview:-1"},"canonical":"https:\/\/www.claraprivat.com\/es\/accessibility\/","og_locale":"es_ES","og_type":"article","og_title":"Accesibilidad - Clara Privat","og_description":"Accesibilidad 1. DECLARACI\u00d3N DE ACCESIBILIDAD Alprocon S.L. se compromete a hacer accesible su sitio web de conformidad con el Real Decreto 1112\/2018, de 7 de septiembre. Esta declaraci\u00f3n de accesibilidad&hellip;","og_url":"https:\/\/www.claraprivat.com\/es\/accessibility\/","og_site_name":"Clara Privat","article_modified_time":"2026-04-13T08:59:43+00:00","twitter_card":"summary_large_image","twitter_misc":{"Tiempo de lectura":"2 minutos"},"schema":{"@context":"https:\/\/schema.org","@graph":[{"@type":"WebPage","@id":"https:\/\/www.claraprivat.com\/es\/accessibility\/","url":"https:\/\/www.claraprivat.com\/es\/accessibility\/","name":"Accesibilidad - Clara Privat","isPartOf":{"@id":"https:\/\/www.claraprivat.com\/#website"},"datePublished":"2026-04-09T08:39:56+00:00","dateModified":"2026-04-13T08:59:43+00:00","breadcrumb":{"@id":"https:\/\/www.claraprivat.com\/es\/accessibility\/#breadcrumb"},"inLanguage":"es","potentialAction":[{"@type":"ReadAction","target":["https:\/\/www.claraprivat.com\/es\/accessibility\/"]}]},{"@type":"BreadcrumbList","@id":"https:\/\/www.claraprivat.com\/es\/accessibility\/#breadcrumb","itemListElement":[{"@type":"ListItem","position":1,"name":"Home","item":"https:\/\/www.claraprivat.com\/es\/"},{"@type":"ListItem","position":2,"name":"Accesibilidad"}]},{"@type":"WebSite","@id":"https:\/\/www.claraprivat.com\/#website","url":"https:\/\/www.claraprivat.com\/","name":"Clara Privat","description":"Acting - Modeling - Photographer","publisher":{"@id":"https:\/\/www.claraprivat.com\/#organization"},"potentialAction":[{"@type":"SearchAction","target":{"@type":"EntryPoint","urlTemplate":"https:\/\/www.claraprivat.com\/?s={search_term_string}"},"query-input":{"@type":"PropertyValueSpecification","valueRequired":true,"valueName":"search_term_string"}}],"inLanguage":"es"},{"@type":"Organization","@id":"https:\/\/www.claraprivat.com\/#organization","name":"Clara Privat","url":"https:\/\/www.claraprivat.com\/","logo":{"@type":"ImageObject","inLanguage":"es","@id":"https:\/\/www.claraprivat.com\/#\/schema\/logo\/image\/","url":"https:\/\/www.claraprivat.com\/wp-content\/uploads\/2026\/04\/Logo-blanco.png","contentUrl":"https:\/\/www.claraprivat.com\/wp-content\/uploads\/2026\/04\/Logo-blanco.png","width":830,"height":115,"caption":"Clara Privat"},"image":{"@id":"https:\/\/www.claraprivat.com\/#\/schema\/logo\/image\/"}}]}},"_links":{"self":[{"href":"https:\/\/www.claraprivat.com\/es\/wp-json\/wp\/v2\/pages\/34775","targetHints":{"allow":["GET"]}}],"collection":[{"href":"https:\/\/www.claraprivat.com\/es\/wp-json\/wp\/v2\/pages"}],"about":[{"href":"https:\/\/www.claraprivat.com\/es\/wp-json\/wp\/v2\/types\/page"}],"author":[{"embeddable":true,"href":"https:\/\/www.claraprivat.com\/es\/wp-json\/wp\/v2\/users\/1"}],"replies":[{"embeddable":true,"href":"https:\/\/www.claraprivat.com\/es\/wp-json\/wp\/v2\/comments?post=34775"}],"version-history":[{"count":3,"href":"https:\/\/www.claraprivat.com\/es\/wp-json\/wp\/v2\/pages\/34775\/revisions"}],"predecessor-version":[{"id":35239,"href":"https:\/\/www.claraprivat.com\/es\/wp-json\/wp\/v2\/pages\/34775\/revisions\/35239"}],"wp:attachment":[{"href":"https:\/\/www.claraprivat.com\/es\/wp-json\/wp\/v2\/media?parent=34775"}],"curies":[{"name":"wp","href":"https:\/\/api.w.org\/{rel}","templated":true}]}}