{"id":34779,"date":"2020-08-27T08:23:10","date_gmt":"2020-08-27T06:23:10","guid":{"rendered":"https:\/\/www.claraprivat.com\/politica-de-privacidad\/"},"modified":"2026-04-10T14:00:42","modified_gmt":"2026-04-10T12:00:42","slug":"politica-de-privacidad","status":"publish","type":"page","link":"https:\/\/www.claraprivat.com\/es\/politica-de-privacidad\/","title":{"rendered":"Pol\u00edtica de privacidad"},"content":{"rendered":"\t\t<div data-elementor-type=\"wp-page\" data-elementor-id=\"34779\" class=\"elementor elementor-34779 elementor-12954\">\n\t\t\t\t\t\t<section class=\"elementor-section elementor-top-section elementor-element elementor-element-2b1184b0 elementor-section-boxed elementor-section-height-default elementor-section-height-default sc_fly_static\" data-id=\"2b1184b0\" data-element_type=\"section\" data-e-type=\"section\" data-settings=\"{&quot;background_background&quot;:&quot;classic&quot;}\">\n\t\t\t\t\t\t<div class=\"elementor-container elementor-column-gap-extended\">\n\t\t\t\t\t<div class=\"elementor-column elementor-col-100 elementor-top-column elementor-element elementor-element-153e1c19 sc_content_align_inherit sc_layouts_column_icons_position_left sc_fly_static\" data-id=\"153e1c19\" data-element_type=\"column\" data-e-type=\"column\">\n\t\t\t<div class=\"elementor-widget-wrap elementor-element-populated\">\n\t\t\t\t\t\t<div class=\"elementor-element elementor-element-54db29de sc_fly_static elementor-widget elementor-widget-text-editor\" data-id=\"54db29de\" data-element_type=\"widget\" data-e-type=\"widget\" data-widget_type=\"text-editor.default\">\n\t\t\t\t<div class=\"elementor-widget-container\">\n\t\t\t\t\t\t\t\t\t<h1><strong>Pol\u00edtica de privacidad<\/strong><\/h1><p>De conformidad con lo dispuesto en el Reglamento General de Protecci\u00f3n de Datos (RGPD), le informamos de que sus datos personales ser\u00e1n tratados con la finalidad de proporcionarle informaci\u00f3n sobre los productos o servicios publicados en nuestro sitio web.<\/p><p>Los datos personales facilitados se conservar\u00e1n mientras se mantenga la relaci\u00f3n comercial, el interesado no solicite su supresi\u00f3n o durante un plazo de 1 a\u00f1o desde la \u00faltima confirmaci\u00f3n de inter\u00e9s, o durante el tiempo necesario para cumplir con las obligaciones legales. La empresa NO tomar\u00e1 decisiones automatizadas. Los datos no se ceder\u00e1n a terceros salvo que exista una obligaci\u00f3n legal, y ser\u00e1n tratados en base a su consentimiento.  <\/p><p>Asimismo, se le informa de la posibilidad de ejercer los siguientes derechos sobre sus datos personales: derecho de acceso, rectificaci\u00f3n, supresi\u00f3n (derecho al olvido), limitaci\u00f3n del tratamiento, oposici\u00f3n, portabilidad de los datos y derecho a retirar el consentimiento prestado. Para ejercer estos derechos, puede enviar un correo electr\u00f3nico a: <a href=\"mailto:claraprivatvives@gmail.com\">claraprivatvives@gmail.com<\/a>. <\/p><p>Adem\u00e1s, el interesado puede ponerse en contacto con la Autoridad de Protecci\u00f3n de Datos competente para obtener informaci\u00f3n adicional o presentar una reclamaci\u00f3n.<\/p><p><strong>Datos identificativos del responsable del tratamiento:<\/strong><\/p><p>Clara Mar Privat Vives<br>NIF: 04331233B<br>Direcci\u00f3n: C\/ Siracusa, 17 &#8211; 4.\u00ba &#8211; Puerta 1 \u2013 08012 &#8211; Barcelona<br>Tel\u00e9fono: 649 042 890<\/p>\t\t\t\t\t\t\t\t<\/div>\n\t\t\t\t<\/div>\n\t\t\t\t\t<\/div>\n\t\t<\/div>\n\t\t\t\t\t<\/div>\n\t\t<\/section>\n\t\t\t\t<\/div>\n\t\t","protected":false},"excerpt":{"rendered":"<p>Pol\u00edtica de privacidad De conformidad con lo dispuesto en el Reglamento General de Protecci\u00f3n de Datos (RGPD), le informamos de que sus datos personales ser\u00e1n tratados con la finalidad de&hellip;<\/p>\n","protected":false},"author":1,"featured_media":0,"parent":0,"menu_order":0,"comment_status":"closed","ping_status":"closed","template":"","meta":{"inline_featured_image":false,"footnotes":""},"class_list":["post-34779","page","type-page","status-publish","hentry"],"yoast_head":"<!-- This site is optimized with the Yoast SEO plugin v27.3 - https:\/\/yoast.com\/product\/yoast-seo-wordpress\/ -->\n<title>Pol\u00edtica de privacidad - Clara Privat<\/title>\n<meta name=\"robots\" content=\"index, follow, max-snippet:-1, max-image-preview:large, max-video-preview:-1\" \/>\n<link rel=\"canonical\" href=\"https:\/\/www.claraprivat.com\/privacy-policy\/\" \/>\n<meta property=\"og:locale\" content=\"es_ES\" \/>\n<meta property=\"og:type\" content=\"article\" \/>\n<meta property=\"og:title\" content=\"Pol\u00edtica de privacidad - Clara Privat\" \/>\n<meta property=\"og:description\" content=\"Pol\u00edtica de privacidad De conformidad con lo dispuesto en el Reglamento General de Protecci\u00f3n de Datos (RGPD), le informamos de que sus datos personales ser\u00e1n tratados con la finalidad de&hellip;\" \/>\n<meta property=\"og:url\" content=\"https:\/\/www.claraprivat.com\/privacy-policy\/\" \/>\n<meta property=\"og:site_name\" content=\"Clara Privat\" \/>\n<meta property=\"article:modified_time\" content=\"2026-04-10T12:00:42+00:00\" \/>\n<meta name=\"twitter:card\" content=\"summary_large_image\" \/>\n<meta name=\"twitter:label1\" content=\"Tiempo de lectura\" \/>\n\t<meta name=\"twitter:data1\" content=\"1 minuto\" \/>\n<script type=\"application\/ld+json\" class=\"yoast-schema-graph\">{\"@context\":\"https:\\\/\\\/schema.org\",\"@graph\":[{\"@type\":\"WebPage\",\"@id\":\"https:\\\/\\\/www.claraprivat.com\\\/privacy-policy\\\/\",\"url\":\"https:\\\/\\\/www.claraprivat.com\\\/privacy-policy\\\/\",\"name\":\"Pol\u00edtica de privacidad - Clara Privat\",\"isPartOf\":{\"@id\":\"https:\\\/\\\/www.claraprivat.com\\\/#website\"},\"datePublished\":\"2020-08-27T06:23:10+00:00\",\"dateModified\":\"2026-04-10T12:00:42+00:00\",\"breadcrumb\":{\"@id\":\"https:\\\/\\\/www.claraprivat.com\\\/privacy-policy\\\/#breadcrumb\"},\"inLanguage\":\"es\",\"potentialAction\":[{\"@type\":\"ReadAction\",\"target\":[\"https:\\\/\\\/www.claraprivat.com\\\/privacy-policy\\\/\"]}]},{\"@type\":\"BreadcrumbList\",\"@id\":\"https:\\\/\\\/www.claraprivat.com\\\/privacy-policy\\\/#breadcrumb\",\"itemListElement\":[{\"@type\":\"ListItem\",\"position\":1,\"name\":\"Home\",\"item\":\"https:\\\/\\\/www.claraprivat.com\\\/es\\\/\"},{\"@type\":\"ListItem\",\"position\":2,\"name\":\"Pol\u00edtica de privacidad\"}]},{\"@type\":\"WebSite\",\"@id\":\"https:\\\/\\\/www.claraprivat.com\\\/#website\",\"url\":\"https:\\\/\\\/www.claraprivat.com\\\/\",\"name\":\"Clara Privat\",\"description\":\"Acting - Modeling - Photographer\",\"publisher\":{\"@id\":\"https:\\\/\\\/www.claraprivat.com\\\/#organization\"},\"potentialAction\":[{\"@type\":\"SearchAction\",\"target\":{\"@type\":\"EntryPoint\",\"urlTemplate\":\"https:\\\/\\\/www.claraprivat.com\\\/?s={search_term_string}\"},\"query-input\":{\"@type\":\"PropertyValueSpecification\",\"valueRequired\":true,\"valueName\":\"search_term_string\"}}],\"inLanguage\":\"es\"},{\"@type\":\"Organization\",\"@id\":\"https:\\\/\\\/www.claraprivat.com\\\/#organization\",\"name\":\"Clara Privat\",\"url\":\"https:\\\/\\\/www.claraprivat.com\\\/\",\"logo\":{\"@type\":\"ImageObject\",\"inLanguage\":\"es\",\"@id\":\"https:\\\/\\\/www.claraprivat.com\\\/#\\\/schema\\\/logo\\\/image\\\/\",\"url\":\"https:\\\/\\\/www.claraprivat.com\\\/wp-content\\\/uploads\\\/2026\\\/04\\\/Logo-blanco.png\",\"contentUrl\":\"https:\\\/\\\/www.claraprivat.com\\\/wp-content\\\/uploads\\\/2026\\\/04\\\/Logo-blanco.png\",\"width\":830,\"height\":115,\"caption\":\"Clara Privat\"},\"image\":{\"@id\":\"https:\\\/\\\/www.claraprivat.com\\\/#\\\/schema\\\/logo\\\/image\\\/\"}}]}<\/script>\n<!-- \/ Yoast SEO plugin. -->","yoast_head_json":{"title":"Pol\u00edtica de privacidad - Clara Privat","robots":{"index":"index","follow":"follow","max-snippet":"max-snippet:-1","max-image-preview":"max-image-preview:large","max-video-preview":"max-video-preview:-1"},"canonical":"https:\/\/www.claraprivat.com\/privacy-policy\/","og_locale":"es_ES","og_type":"article","og_title":"Pol\u00edtica de privacidad - Clara Privat","og_description":"Pol\u00edtica de privacidad De conformidad con lo dispuesto en el Reglamento General de Protecci\u00f3n de Datos (RGPD), le informamos de que sus datos personales ser\u00e1n tratados con la finalidad de&hellip;","og_url":"https:\/\/www.claraprivat.com\/privacy-policy\/","og_site_name":"Clara Privat","article_modified_time":"2026-04-10T12:00:42+00:00","twitter_card":"summary_large_image","twitter_misc":{"Tiempo de lectura":"1 minuto"},"schema":{"@context":"https:\/\/schema.org","@graph":[{"@type":"WebPage","@id":"https:\/\/www.claraprivat.com\/privacy-policy\/","url":"https:\/\/www.claraprivat.com\/privacy-policy\/","name":"Pol\u00edtica de privacidad - Clara Privat","isPartOf":{"@id":"https:\/\/www.claraprivat.com\/#website"},"datePublished":"2020-08-27T06:23:10+00:00","dateModified":"2026-04-10T12:00:42+00:00","breadcrumb":{"@id":"https:\/\/www.claraprivat.com\/privacy-policy\/#breadcrumb"},"inLanguage":"es","potentialAction":[{"@type":"ReadAction","target":["https:\/\/www.claraprivat.com\/privacy-policy\/"]}]},{"@type":"BreadcrumbList","@id":"https:\/\/www.claraprivat.com\/privacy-policy\/#breadcrumb","itemListElement":[{"@type":"ListItem","position":1,"name":"Home","item":"https:\/\/www.claraprivat.com\/es\/"},{"@type":"ListItem","position":2,"name":"Pol\u00edtica de privacidad"}]},{"@type":"WebSite","@id":"https:\/\/www.claraprivat.com\/#website","url":"https:\/\/www.claraprivat.com\/","name":"Clara Privat","description":"Acting - Modeling - Photographer","publisher":{"@id":"https:\/\/www.claraprivat.com\/#organization"},"potentialAction":[{"@type":"SearchAction","target":{"@type":"EntryPoint","urlTemplate":"https:\/\/www.claraprivat.com\/?s={search_term_string}"},"query-input":{"@type":"PropertyValueSpecification","valueRequired":true,"valueName":"search_term_string"}}],"inLanguage":"es"},{"@type":"Organization","@id":"https:\/\/www.claraprivat.com\/#organization","name":"Clara Privat","url":"https:\/\/www.claraprivat.com\/","logo":{"@type":"ImageObject","inLanguage":"es","@id":"https:\/\/www.claraprivat.com\/#\/schema\/logo\/image\/","url":"https:\/\/www.claraprivat.com\/wp-content\/uploads\/2026\/04\/Logo-blanco.png","contentUrl":"https:\/\/www.claraprivat.com\/wp-content\/uploads\/2026\/04\/Logo-blanco.png","width":830,"height":115,"caption":"Clara Privat"},"image":{"@id":"https:\/\/www.claraprivat.com\/#\/schema\/logo\/image\/"}}]}},"_links":{"self":[{"href":"https:\/\/www.claraprivat.com\/es\/wp-json\/wp\/v2\/pages\/34779","targetHints":{"allow":["GET"]}}],"collection":[{"href":"https:\/\/www.claraprivat.com\/es\/wp-json\/wp\/v2\/pages"}],"about":[{"href":"https:\/\/www.claraprivat.com\/es\/wp-json\/wp\/v2\/types\/page"}],"author":[{"embeddable":true,"href":"https:\/\/www.claraprivat.com\/es\/wp-json\/wp\/v2\/users\/1"}],"replies":[{"embeddable":true,"href":"https:\/\/www.claraprivat.com\/es\/wp-json\/wp\/v2\/comments?post=34779"}],"version-history":[{"count":4,"href":"https:\/\/www.claraprivat.com\/es\/wp-json\/wp\/v2\/pages\/34779\/revisions"}],"predecessor-version":[{"id":35212,"href":"https:\/\/www.claraprivat.com\/es\/wp-json\/wp\/v2\/pages\/34779\/revisions\/35212"}],"wp:attachment":[{"href":"https:\/\/www.claraprivat.com\/es\/wp-json\/wp\/v2\/media?parent=34779"}],"curies":[{"name":"wp","href":"https:\/\/api.w.org\/{rel}","templated":true}]}}