{"id":34783,"date":"2020-05-27T13:05:56","date_gmt":"2020-05-27T11:05:56","guid":{"rendered":"https:\/\/www.claraprivat.com\/sobre-mi\/"},"modified":"2026-04-09T12:47:49","modified_gmt":"2026-04-09T10:47:49","slug":"sobre-mi","status":"publish","type":"page","link":"https:\/\/www.claraprivat.com\/es\/sobre-mi\/","title":{"rendered":"SOBRE M\u00cd"},"content":{"rendered":"\t\t<div data-elementor-type=\"wp-page\" data-elementor-id=\"34783\" class=\"elementor elementor-34783 elementor-4027\">\n\t\t\t\t\t\t<section class=\"elementor-section elementor-top-section elementor-element elementor-element-827b5c8 elementor-section-boxed elementor-section-height-default elementor-section-height-default sc_fly_static\" data-id=\"827b5c8\" data-element_type=\"section\" data-e-type=\"section\">\n\t\t\t\t\t\t<div class=\"elementor-container elementor-column-gap-extended\">\n\t\t\t\t\t<div class=\"elementor-column elementor-col-100 elementor-top-column elementor-element elementor-element-dc945ea sc_content_align_inherit sc_layouts_column_icons_position_left sc_fly_static\" data-id=\"dc945ea\" data-element_type=\"column\" data-e-type=\"column\">\n\t\t\t<div class=\"elementor-widget-wrap elementor-element-populated\">\n\t\t\t\t\t\t<div class=\"elementor-element elementor-element-a9d9d15 sc_height_huge sc_fly_static elementor-widget elementor-widget-spacer\" data-id=\"a9d9d15\" data-element_type=\"widget\" data-e-type=\"widget\" data-widget_type=\"spacer.default\">\n\t\t\t\t<div class=\"elementor-widget-container\">\n\t\t\t\t\t\t\t<div class=\"elementor-spacer\">\n\t\t\t<div class=\"elementor-spacer-inner\"><\/div>\n\t\t<\/div>\n\t\t\t\t\t\t<\/div>\n\t\t\t\t<\/div>\n\t\t\t\t<div class=\"elementor-element elementor-element-8361a21 sc_layouts_hide_on_mobile sc_fly_static elementor-widget elementor-widget-spacer\" data-id=\"8361a21\" data-element_type=\"widget\" data-e-type=\"widget\" data-widget_type=\"spacer.default\">\n\t\t\t\t<div class=\"elementor-widget-container\">\n\t\t\t\t\t\t\t<div class=\"elementor-spacer\">\n\t\t\t<div class=\"elementor-spacer-inner\"><\/div>\n\t\t<\/div>\n\t\t\t\t\t\t<\/div>\n\t\t\t\t<\/div>\n\t\t\t\t\t<\/div>\n\t\t<\/div>\n\t\t\t\t\t<\/div>\n\t\t<\/section>\n\t\t\t\t<section class=\"elementor-section elementor-top-section elementor-element elementor-element-2f81f99 elementor-section-content-middle elementor-section-boxed elementor-section-height-default elementor-section-height-default sc_fly_static\" data-id=\"2f81f99\" data-element_type=\"section\" data-e-type=\"section\">\n\t\t\t\t\t\t<div class=\"elementor-container elementor-column-gap-extended\">\n\t\t\t\t\t<div class=\"elementor-column elementor-col-50 elementor-top-column elementor-element elementor-element-a020f7d sc_content_align_inherit sc_layouts_column_icons_position_left sc_fly_static\" data-id=\"a020f7d\" data-element_type=\"column\" data-e-type=\"column\">\n\t\t\t<div class=\"elementor-widget-wrap elementor-element-populated\">\n\t\t\t\t\t\t<section class=\"elementor-section elementor-inner-section elementor-element elementor-element-ddc18ff elementor-section-boxed elementor-section-height-default elementor-section-height-default sc_fly_static\" data-id=\"ddc18ff\" data-element_type=\"section\" data-e-type=\"section\">\n\t\t\t\t\t\t<div class=\"elementor-container elementor-column-gap-no\">\n\t\t\t\t\t<div class=\"elementor-column elementor-col-50 elementor-inner-column elementor-element elementor-element-9120739 sc_content_align_inherit sc_layouts_column_icons_position_left sc_fly_static\" data-id=\"9120739\" data-element_type=\"column\" data-e-type=\"column\">\n\t\t\t<div class=\"elementor-widget-wrap elementor-element-populated\">\n\t\t\t\t\t\t<div data-animation-type=\"block\" class=\"elementor-element elementor-element-eb8fa34 elementor-widget__width-initial elementor-absolute elementor-widget-mobile__width-initial elementor-widget-tablet__width-initial animation_type_block sc_fly_static elementor-invisible elementor-widget elementor-widget-image\" data-id=\"eb8fa34\" data-element_type=\"widget\" data-e-type=\"widget\" data-settings=\"{&quot;_position&quot;:&quot;absolute&quot;,&quot;_animation&quot;:&quot;chroma-infinite-rotate&quot;}\" data-widget_type=\"image.default\">\n\t\t\t\t<div class=\"elementor-widget-container\">\n\t\t\t\t\t\t\t\t\t\t\t\t\t\t\t<img decoding=\"async\" width=\"187\" height=\"184\" src=\"https:\/\/www.claraprivat.com\/wp-content\/uploads\/2023\/06\/chroma-about.png\" class=\"attachment-full size-full wp-image-34784\" alt=\"\" \/>\t\t\t\t\t\t\t\t\t\t\t\t\t\t\t<\/div>\n\t\t\t\t<\/div>\n\t\t\t\t<div class=\"elementor-element elementor-element-3b46fe8 sc_fly_static elementor-widget elementor-widget-image\" data-id=\"3b46fe8\" data-element_type=\"widget\" data-e-type=\"widget\" data-widget_type=\"image.default\">\n\t\t\t\t<div class=\"elementor-widget-container\">\n\t\t\t\t\t\t\t\t\t\t\t\t\t\t\t<img decoding=\"async\" src=\"https:\/\/www.claraprivat.com\/wp-content\/uploads\/elementor\/thumbs\/01-58-rlnuk9ai1cnjgrqqy4ed0wjeuyytknjhe09jrle2g4.webp\" title=\"Modelo Barcelona\" alt=\"Modelo Barcelona\" loading=\"lazy\" \/>\t\t\t\t\t\t\t\t\t\t\t\t\t\t\t<\/div>\n\t\t\t\t<\/div>\n\t\t\t\t<div class=\"elementor-element elementor-element-205029e sc_layouts_hide_on_notebook sc_layouts_hide_on_tablet sc_layouts_hide_on_mobile sc_fly_static elementor-widget elementor-widget-spacer\" data-id=\"205029e\" data-element_type=\"widget\" data-e-type=\"widget\" data-widget_type=\"spacer.default\">\n\t\t\t\t<div class=\"elementor-widget-container\">\n\t\t\t\t\t\t\t<div class=\"elementor-spacer\">\n\t\t\t<div class=\"elementor-spacer-inner\"><\/div>\n\t\t<\/div>\n\t\t\t\t\t\t<\/div>\n\t\t\t\t<\/div>\n\t\t\t\t<div class=\"elementor-element elementor-element-7a53a8c sc_height_large sc_fly_static elementor-widget elementor-widget-spacer\" data-id=\"7a53a8c\" data-element_type=\"widget\" data-e-type=\"widget\" data-widget_type=\"spacer.default\">\n\t\t\t\t<div class=\"elementor-widget-container\">\n\t\t\t\t\t\t\t<div class=\"elementor-spacer\">\n\t\t\t<div class=\"elementor-spacer-inner\"><\/div>\n\t\t<\/div>\n\t\t\t\t\t\t<\/div>\n\t\t\t\t<\/div>\n\t\t\t\t\t<\/div>\n\t\t<\/div>\n\t\t\t\t<div class=\"elementor-column elementor-col-50 elementor-inner-column elementor-element elementor-element-65a1387 sc_content_align_inherit sc_layouts_column_icons_position_left sc_fly_static\" data-id=\"65a1387\" data-element_type=\"column\" data-e-type=\"column\">\n\t\t\t<div class=\"elementor-widget-wrap elementor-element-populated\">\n\t\t\t\t\t\t<div class=\"elementor-element elementor-element-bba1094 no-title sc_fly_static elementor-widget elementor-widget-image\" data-id=\"bba1094\" data-element_type=\"widget\" data-e-type=\"widget\" data-widget_type=\"image.default\">\n\t\t\t\t<div class=\"elementor-widget-container\">\n\t\t\t\t\t\t\t\t\t\t\t\t\t\t\t<img decoding=\"async\" src=\"https:\/\/www.claraprivat.com\/wp-content\/uploads\/elementor\/thumbs\/ainajoies_-248-scaled-rlnqm0dres9vazjagblit8qv13nzk9kgiiilmrfuok.webp\" title=\"Modelo Barcelona\" alt=\"Modelo Barcelona\" loading=\"lazy\" \/>\t\t\t\t\t\t\t\t\t\t\t\t\t\t\t<\/div>\n\t\t\t\t<\/div>\n\t\t\t\t\t<\/div>\n\t\t<\/div>\n\t\t\t\t\t<\/div>\n\t\t<\/section>\n\t\t\t\t\t<\/div>\n\t\t<\/div>\n\t\t\t\t<div class=\"elementor-column elementor-col-50 elementor-top-column elementor-element elementor-element-49c9fb2 sc_content_align_inherit sc_layouts_column_icons_position_left sc_fly_static\" data-id=\"49c9fb2\" data-element_type=\"column\" data-e-type=\"column\">\n\t\t\t<div class=\"elementor-widget-wrap elementor-element-populated\">\n\t\t\t\t\t\t<div class=\"elementor-element elementor-element-519bd74 sc_fly_static elementor-widget elementor-widget-trx_sc_title\" data-id=\"519bd74\" data-element_type=\"widget\" data-e-type=\"widget\" data-widget_type=\"trx_sc_title.default\">\n\t\t\t\t<div class=\"elementor-widget-container\">\n\t\t\t\t\t<div\t\tclass=\"sc_title sc_title_default\" ><span class=\"sc_item_subtitle sc_title_subtitle sc_item_subtitle_above sc_item_title_style_default\">servicio profesional<\/span><h1 class=\"sc_item_title sc_title_title sc_item_title_style_default sc_item_title_tag\"\n\t\t\t><span class=\"sc_item_title_text\">QUI\u00c9N ES CLARA PRIVAT<\/span><\/h1><div class=\"sc_item_descr sc_title_descr\"><p>Clara Privat es una actriz y modelo hispano-catalana-estadounidense que reside entre Espa\u00f1a y Australia. Es conocida por su trabajo en cine, anuncios y campa\u00f1as internacionales con productoras tanto nacionales como globales.<br \/>\nSu carrera como actriz comenz\u00f3 de forma inesperada en 2014, cuando fue seleccionada para el papel protagonista del mediometraje Lim\u00f3n, dirigido por Albert Madaula. En 2017, protagoniz\u00f3 Azul, un cortometraje nominado en el Cannes Short Film Festival, lo que supuso un paso importante en su carrera narrativa.<br \/>\nDesde entonces, Clara ha seguido desarrollando una s\u00f3lida presencia tanto en la ficci\u00f3n como en la publicidad, colaborando con directores aclamados como Martin Werner y Mollie Mills. Ha aparecido en papeles principales y secundarios para diversas marcas internacionales, consolid\u00e1ndose como una actriz de publicidad internacional vers\u00e1til y fiable.<br \/>\nSu trabajo reciente incluye Solo yo (2022), dirigida por Laia Rodas, que gan\u00f3 m\u00faltiples premios en festivales de cine nacionales y le vali\u00f3 a Clara una nominaci\u00f3n a Mejor Actriz en los Premios de Cine Oriana en 2025. Tambi\u00e9n protagoniz\u00f3 Birth (2023), un cortometraje neerland\u00e9s-espa\u00f1ol dirigido por Barth Schdijer, que actualmente circula por festivales internacionales. Clara tiene previsto rodar una producci\u00f3n espa\u00f1ola en marzo de 2026, donde asumir\u00e1 un papel secundario.<br \/>\nJunto a su faceta interpretativa, Clara ha desarrollado un fuerte lenguaje visual a trav\u00e9s de la fotograf\u00eda. Influenciada por el cine, captura su entorno con una est\u00e9tica distintiva, de estilo cinematogr\u00e1fico, y un enfoque sensible e \u00edntimo.      <\/p>\n<\/div><\/div>\t\t\t\t<\/div>\n\t\t\t\t<\/div>\n\t\t\t\t<div class=\"elementor-element elementor-element-7ee1f6c sc_height_small sc_fly_static elementor-widget elementor-widget-spacer\" data-id=\"7ee1f6c\" data-element_type=\"widget\" data-e-type=\"widget\" data-widget_type=\"spacer.default\">\n\t\t\t\t<div class=\"elementor-widget-container\">\n\t\t\t\t\t\t\t<div class=\"elementor-spacer\">\n\t\t\t<div class=\"elementor-spacer-inner\"><\/div>\n\t\t<\/div>\n\t\t\t\t\t\t<\/div>\n\t\t\t\t<\/div>\n\t\t\t\t<div class=\"elementor-element elementor-element-1cb2086 elementor-widget__width-auto sc_fly_static elementor-widget elementor-widget-trx_sc_skills\" data-id=\"1cb2086\" data-element_type=\"widget\" data-e-type=\"widget\" data-widget_type=\"trx_sc_skills.default\">\n\t\t\t\t<div class=\"elementor-widget-container\">\n\t\t\t\t\t<div\t\tclass=\"sc_skills sc_skills_counter_extra sc_skills_counter_style_odometer sc_align_left\"\n\t\t\t\tdata-type=\"counter\" ><div class=\"sc_skills_column trx_addons_column-1_1\"><div class=\"sc_skills_item_wrap sc_skills_item_icon_position_top\"><div class=\"sc_skills_item_title\">A\u00f1os<\/div><div class=\"sc_skills_item\"><div class=\"sc_skills_total\" data-start=\"0\" data-stop=\"12\" data-step=\"0.12\" data-max=\"100\" data-speed=\"15\" data-duration=\"1500\" data-ed=\"+\" data-style=\"odometer\"><span class=\"sc_skills_digits\"><span class=\"sc_skills_digit\"><span class=\"sc_skills_digit_placeholder\">8<\/span><span class=\"sc_skills_digit_wrap\"><span class=\"sc_skills_digit_ribbon\"><span class=\"sc_skills_digit_value\">0<\/span><\/span><\/span><\/span><span class=\"sc_skills_digit\"><span class=\"sc_skills_digit_placeholder\">8<\/span><span class=\"sc_skills_digit_wrap\"><span class=\"sc_skills_digit_ribbon\"><span class=\"sc_skills_digit_value\">0<\/span><\/span><\/span><\/span><span class=\"sc_skills_unit\">+<\/span><\/span><\/div><\/div><\/div><\/div><\/div>\t\t\t\t<\/div>\n\t\t\t\t<\/div>\n\t\t\t\t\t<\/div>\n\t\t<\/div>\n\t\t\t\t\t<\/div>\n\t\t<\/section>\n\t\t\t\t<section class=\"elementor-section elementor-top-section elementor-element elementor-element-f5c3f3c elementor-section-boxed elementor-section-height-default elementor-section-height-default sc_fly_static\" data-id=\"f5c3f3c\" data-element_type=\"section\" data-e-type=\"section\" data-settings=\"{&quot;background_background&quot;:&quot;classic&quot;}\">\n\t\t\t\t\t\t<div class=\"elementor-container elementor-column-gap-extended\">\n\t\t\t\t\t<div class=\"elementor-column elementor-col-100 elementor-top-column elementor-element elementor-element-2a71c39 sc_content_align_inherit sc_layouts_column_icons_position_left sc_fly_static\" data-id=\"2a71c39\" data-element_type=\"column\" data-e-type=\"column\">\n\t\t\t<div class=\"elementor-widget-wrap elementor-element-populated\">\n\t\t\t\t\t\t<div class=\"elementor-element elementor-element-e5fa387 sc_height_huge sc_fly_static elementor-widget elementor-widget-spacer\" data-id=\"e5fa387\" data-element_type=\"widget\" data-e-type=\"widget\" data-widget_type=\"spacer.default\">\n\t\t\t\t<div class=\"elementor-widget-container\">\n\t\t\t\t\t\t\t<div class=\"elementor-spacer\">\n\t\t\t<div class=\"elementor-spacer-inner\"><\/div>\n\t\t<\/div>\n\t\t\t\t\t\t<\/div>\n\t\t\t\t<\/div>\n\t\t\t\t\t<\/div>\n\t\t<\/div>\n\t\t\t\t\t<\/div>\n\t\t<\/section>\n\t\t\t\t<\/div>\n\t\t","protected":false},"excerpt":{"rendered":"<p>servicio profesional QUI\u00c9N ES CLARA PRIVAT Clara Privat es una actriz y modelo hispano-catalana-estadounidense que reside entre Espa\u00f1a y Australia. Es conocida por su trabajo en cine, anuncios y campa\u00f1as&hellip;<\/p>\n","protected":false},"author":1,"featured_media":0,"parent":0,"menu_order":0,"comment_status":"closed","ping_status":"closed","template":"","meta":{"inline_featured_image":false,"footnotes":""},"class_list":["post-34783","page","type-page","status-publish","hentry"],"yoast_head":"<!-- This site is optimized with the Yoast SEO plugin v27.3 - https:\/\/yoast.com\/product\/yoast-seo-wordpress\/ -->\n<title>SOBRE M\u00cd - Clara Privat<\/title>\n<meta name=\"robots\" content=\"index, follow, max-snippet:-1, max-image-preview:large, max-video-preview:-1\" \/>\n<link rel=\"canonical\" href=\"https:\/\/www.claraprivat.com\/about-me\/\" \/>\n<meta property=\"og:locale\" content=\"es_ES\" \/>\n<meta property=\"og:type\" content=\"article\" \/>\n<meta property=\"og:title\" content=\"SOBRE M\u00cd - Clara Privat\" \/>\n<meta property=\"og:description\" content=\"servicio profesional QUI\u00c9N ES CLARA PRIVAT Clara Privat es una actriz y modelo hispano-catalana-estadounidense que reside entre Espa\u00f1a y Australia. Es conocida por su trabajo en cine, anuncios y campa\u00f1as&hellip;\" \/>\n<meta property=\"og:url\" content=\"https:\/\/www.claraprivat.com\/about-me\/\" \/>\n<meta property=\"og:site_name\" content=\"Clara Privat\" \/>\n<meta property=\"article:modified_time\" content=\"2026-04-09T10:47:49+00:00\" \/>\n<meta property=\"og:image\" content=\"https:\/\/www.claraprivat.com\/wp-content\/uploads\/2023\/06\/chroma-about.png\" \/>\n<meta name=\"twitter:card\" content=\"summary_large_image\" \/>\n<meta name=\"twitter:label1\" content=\"Tiempo de lectura\" \/>\n\t<meta name=\"twitter:data1\" content=\"1 minuto\" \/>\n<script type=\"application\/ld+json\" class=\"yoast-schema-graph\">{\"@context\":\"https:\\\/\\\/schema.org\",\"@graph\":[{\"@type\":\"WebPage\",\"@id\":\"https:\\\/\\\/www.claraprivat.com\\\/about-me\\\/\",\"url\":\"https:\\\/\\\/www.claraprivat.com\\\/about-me\\\/\",\"name\":\"SOBRE M\u00cd - Clara Privat\",\"isPartOf\":{\"@id\":\"https:\\\/\\\/www.claraprivat.com\\\/#website\"},\"primaryImageOfPage\":{\"@id\":\"https:\\\/\\\/www.claraprivat.com\\\/about-me\\\/#primaryimage\"},\"image\":{\"@id\":\"https:\\\/\\\/www.claraprivat.com\\\/about-me\\\/#primaryimage\"},\"thumbnailUrl\":\"https:\\\/\\\/www.claraprivat.com\\\/wp-content\\\/uploads\\\/2023\\\/06\\\/chroma-about.png\",\"datePublished\":\"2020-05-27T11:05:56+00:00\",\"dateModified\":\"2026-04-09T10:47:49+00:00\",\"breadcrumb\":{\"@id\":\"https:\\\/\\\/www.claraprivat.com\\\/about-me\\\/#breadcrumb\"},\"inLanguage\":\"es\",\"potentialAction\":[{\"@type\":\"ReadAction\",\"target\":[\"https:\\\/\\\/www.claraprivat.com\\\/about-me\\\/\"]}]},{\"@type\":\"ImageObject\",\"inLanguage\":\"es\",\"@id\":\"https:\\\/\\\/www.claraprivat.com\\\/about-me\\\/#primaryimage\",\"url\":\"https:\\\/\\\/www.claraprivat.com\\\/wp-content\\\/uploads\\\/2023\\\/06\\\/chroma-about.png\",\"contentUrl\":\"https:\\\/\\\/www.claraprivat.com\\\/wp-content\\\/uploads\\\/2023\\\/06\\\/chroma-about.png\"},{\"@type\":\"BreadcrumbList\",\"@id\":\"https:\\\/\\\/www.claraprivat.com\\\/about-me\\\/#breadcrumb\",\"itemListElement\":[{\"@type\":\"ListItem\",\"position\":1,\"name\":\"Home\",\"item\":\"https:\\\/\\\/www.claraprivat.com\\\/es\\\/\"},{\"@type\":\"ListItem\",\"position\":2,\"name\":\"SOBRE M\u00cd\"}]},{\"@type\":\"WebSite\",\"@id\":\"https:\\\/\\\/www.claraprivat.com\\\/#website\",\"url\":\"https:\\\/\\\/www.claraprivat.com\\\/\",\"name\":\"Clara Privat\",\"description\":\"Acting - Modeling - Photographer\",\"publisher\":{\"@id\":\"https:\\\/\\\/www.claraprivat.com\\\/#organization\"},\"potentialAction\":[{\"@type\":\"SearchAction\",\"target\":{\"@type\":\"EntryPoint\",\"urlTemplate\":\"https:\\\/\\\/www.claraprivat.com\\\/?s={search_term_string}\"},\"query-input\":{\"@type\":\"PropertyValueSpecification\",\"valueRequired\":true,\"valueName\":\"search_term_string\"}}],\"inLanguage\":\"es\"},{\"@type\":\"Organization\",\"@id\":\"https:\\\/\\\/www.claraprivat.com\\\/#organization\",\"name\":\"Clara Privat\",\"url\":\"https:\\\/\\\/www.claraprivat.com\\\/\",\"logo\":{\"@type\":\"ImageObject\",\"inLanguage\":\"es\",\"@id\":\"https:\\\/\\\/www.claraprivat.com\\\/#\\\/schema\\\/logo\\\/image\\\/\",\"url\":\"https:\\\/\\\/www.claraprivat.com\\\/wp-content\\\/uploads\\\/2026\\\/04\\\/Logo-blanco.png\",\"contentUrl\":\"https:\\\/\\\/www.claraprivat.com\\\/wp-content\\\/uploads\\\/2026\\\/04\\\/Logo-blanco.png\",\"width\":830,\"height\":115,\"caption\":\"Clara Privat\"},\"image\":{\"@id\":\"https:\\\/\\\/www.claraprivat.com\\\/#\\\/schema\\\/logo\\\/image\\\/\"}}]}<\/script>\n<!-- \/ Yoast SEO plugin. -->","yoast_head_json":{"title":"SOBRE M\u00cd - Clara Privat","robots":{"index":"index","follow":"follow","max-snippet":"max-snippet:-1","max-image-preview":"max-image-preview:large","max-video-preview":"max-video-preview:-1"},"canonical":"https:\/\/www.claraprivat.com\/about-me\/","og_locale":"es_ES","og_type":"article","og_title":"SOBRE M\u00cd - Clara Privat","og_description":"servicio profesional QUI\u00c9N ES CLARA PRIVAT Clara Privat es una actriz y modelo hispano-catalana-estadounidense que reside entre Espa\u00f1a y Australia. Es conocida por su trabajo en cine, anuncios y campa\u00f1as&hellip;","og_url":"https:\/\/www.claraprivat.com\/about-me\/","og_site_name":"Clara Privat","article_modified_time":"2026-04-09T10:47:49+00:00","og_image":[{"url":"https:\/\/www.claraprivat.com\/wp-content\/uploads\/2023\/06\/chroma-about.png","type":"","width":"","height":""}],"twitter_card":"summary_large_image","twitter_misc":{"Tiempo de lectura":"1 minuto"},"schema":{"@context":"https:\/\/schema.org","@graph":[{"@type":"WebPage","@id":"https:\/\/www.claraprivat.com\/about-me\/","url":"https:\/\/www.claraprivat.com\/about-me\/","name":"SOBRE M\u00cd - Clara Privat","isPartOf":{"@id":"https:\/\/www.claraprivat.com\/#website"},"primaryImageOfPage":{"@id":"https:\/\/www.claraprivat.com\/about-me\/#primaryimage"},"image":{"@id":"https:\/\/www.claraprivat.com\/about-me\/#primaryimage"},"thumbnailUrl":"https:\/\/www.claraprivat.com\/wp-content\/uploads\/2023\/06\/chroma-about.png","datePublished":"2020-05-27T11:05:56+00:00","dateModified":"2026-04-09T10:47:49+00:00","breadcrumb":{"@id":"https:\/\/www.claraprivat.com\/about-me\/#breadcrumb"},"inLanguage":"es","potentialAction":[{"@type":"ReadAction","target":["https:\/\/www.claraprivat.com\/about-me\/"]}]},{"@type":"ImageObject","inLanguage":"es","@id":"https:\/\/www.claraprivat.com\/about-me\/#primaryimage","url":"https:\/\/www.claraprivat.com\/wp-content\/uploads\/2023\/06\/chroma-about.png","contentUrl":"https:\/\/www.claraprivat.com\/wp-content\/uploads\/2023\/06\/chroma-about.png"},{"@type":"BreadcrumbList","@id":"https:\/\/www.claraprivat.com\/about-me\/#breadcrumb","itemListElement":[{"@type":"ListItem","position":1,"name":"Home","item":"https:\/\/www.claraprivat.com\/es\/"},{"@type":"ListItem","position":2,"name":"SOBRE M\u00cd"}]},{"@type":"WebSite","@id":"https:\/\/www.claraprivat.com\/#website","url":"https:\/\/www.claraprivat.com\/","name":"Clara Privat","description":"Acting - Modeling - Photographer","publisher":{"@id":"https:\/\/www.claraprivat.com\/#organization"},"potentialAction":[{"@type":"SearchAction","target":{"@type":"EntryPoint","urlTemplate":"https:\/\/www.claraprivat.com\/?s={search_term_string}"},"query-input":{"@type":"PropertyValueSpecification","valueRequired":true,"valueName":"search_term_string"}}],"inLanguage":"es"},{"@type":"Organization","@id":"https:\/\/www.claraprivat.com\/#organization","name":"Clara Privat","url":"https:\/\/www.claraprivat.com\/","logo":{"@type":"ImageObject","inLanguage":"es","@id":"https:\/\/www.claraprivat.com\/#\/schema\/logo\/image\/","url":"https:\/\/www.claraprivat.com\/wp-content\/uploads\/2026\/04\/Logo-blanco.png","contentUrl":"https:\/\/www.claraprivat.com\/wp-content\/uploads\/2026\/04\/Logo-blanco.png","width":830,"height":115,"caption":"Clara Privat"},"image":{"@id":"https:\/\/www.claraprivat.com\/#\/schema\/logo\/image\/"}}]}},"_links":{"self":[{"href":"https:\/\/www.claraprivat.com\/es\/wp-json\/wp\/v2\/pages\/34783","targetHints":{"allow":["GET"]}}],"collection":[{"href":"https:\/\/www.claraprivat.com\/es\/wp-json\/wp\/v2\/pages"}],"about":[{"href":"https:\/\/www.claraprivat.com\/es\/wp-json\/wp\/v2\/types\/page"}],"author":[{"embeddable":true,"href":"https:\/\/www.claraprivat.com\/es\/wp-json\/wp\/v2\/users\/1"}],"replies":[{"embeddable":true,"href":"https:\/\/www.claraprivat.com\/es\/wp-json\/wp\/v2\/comments?post=34783"}],"version-history":[{"count":1,"href":"https:\/\/www.claraprivat.com\/es\/wp-json\/wp\/v2\/pages\/34783\/revisions"}],"predecessor-version":[{"id":34789,"href":"https:\/\/www.claraprivat.com\/es\/wp-json\/wp\/v2\/pages\/34783\/revisions\/34789"}],"wp:attachment":[{"href":"https:\/\/www.claraprivat.com\/es\/wp-json\/wp\/v2\/media?parent=34783"}],"curies":[{"name":"wp","href":"https:\/\/api.w.org\/{rel}","templated":true}]}}