{"id":34787,"date":"2026-04-09T10:29:56","date_gmt":"2026-04-09T08:29:56","guid":{"rendered":"https:\/\/www.claraprivat.com\/aviso-legal\/"},"modified":"2026-04-10T14:00:57","modified_gmt":"2026-04-10T12:00:57","slug":"aviso-legal","status":"publish","type":"page","link":"https:\/\/www.claraprivat.com\/es\/aviso-legal\/","title":{"rendered":"Aviso Legal"},"content":{"rendered":"\t\t<div data-elementor-type=\"wp-page\" data-elementor-id=\"34787\" class=\"elementor elementor-34787 elementor-34664\">\n\t\t\t\t\t\t<section class=\"elementor-section elementor-top-section elementor-element elementor-element-2b1184b0 elementor-section-boxed elementor-section-height-default elementor-section-height-default sc_fly_static\" data-id=\"2b1184b0\" data-element_type=\"section\" data-e-type=\"section\" data-settings=\"{&quot;background_background&quot;:&quot;classic&quot;}\">\n\t\t\t\t\t\t<div class=\"elementor-container elementor-column-gap-extended\">\n\t\t\t\t\t<div class=\"elementor-column elementor-col-100 elementor-top-column elementor-element elementor-element-153e1c19 sc_content_align_inherit sc_layouts_column_icons_position_left sc_fly_static\" data-id=\"153e1c19\" data-element_type=\"column\" data-e-type=\"column\">\n\t\t\t<div class=\"elementor-widget-wrap elementor-element-populated\">\n\t\t\t\t\t\t<div class=\"elementor-element elementor-element-54db29de sc_fly_static elementor-widget elementor-widget-text-editor\" data-id=\"54db29de\" data-element_type=\"widget\" data-e-type=\"widget\" data-widget_type=\"text-editor.default\">\n\t\t\t\t<div class=\"elementor-widget-container\">\n\t\t\t\t\t\t\t\t\t<h1><strong>Aviso Legal<\/strong><\/h1><p>En cumplimiento del art\u00edculo 10 de la Ley 34\/2002, de 11 de julio, de Servicios de la Sociedad de la Informaci\u00f3n y de Comercio Electr\u00f3nico (LSSICE), a continuaci\u00f3n se indican los datos identificativos de la entidad:<\/p><p><strong>Denominaci\u00f3n social:<\/strong> Clara Mar Privat Vives<br><strong>NIF:<\/strong> 04331233B<\/p><p><strong>Domicilio:<\/strong><br>C\/ Siracusa, 17 &#8211; 4th Floor &#8211; Door 1 \u2013 08012 &#8211; Barcelona<\/p><p><strong>Tel\u00e9fono:<\/strong> 649 042 890<br><strong>Correo electr\u00f3nico:<\/strong> <a href=\"mailto:claraprivatvives@gmail.com\">claraprivatvives@gmail.com<\/a><\/p><hr><h3><strong>FINALIDAD DEL SITIO WEB<\/strong><\/h3><p>Este sitio web tiene por objeto ofrecer los servicios de modelaje de Clara Mar Privat Vives.<\/p><p>El presente Aviso Legal (en adelante, el \u201cAviso Legal\u201d) regula el uso del sitio web: <a href=\"http:\/\/www.claraprivat.com\/es\/\">www.claraprivat.com<\/a>.<\/p><hr><h3><strong>LEGISLACI\u00d3N APLICABLE<\/strong><\/h3><p>Con car\u00e1cter general, la relaci\u00f3n entre Clara Mar Privat Vives y los Usuarios de los servicios telem\u00e1ticos disponibles en este sitio web se somete a la legislaci\u00f3n y jurisdicci\u00f3n espa\u00f1olas.<\/p><hr><h3><strong>ACCESO Y USO POR PARTE DEL USUARIO<\/strong><\/h3><p>Se informa al Usuario y este acepta que el acceso a este sitio web no supone, en modo alguno, el inicio de una relaci\u00f3n comercial con Clara Mar Privat Vives ni con ninguna de sus delegaciones.<\/p><hr><h3><strong>PROPIEDAD INTELECTUAL E INDUSTRIAL<\/strong><\/h3><p>Los derechos de propiedad intelectual del contenido de las p\u00e1ginas web, su dise\u00f1o gr\u00e1fico y sus c\u00f3digos son titularidad de Clara Mar Privat Vives. Por tanto, queda estrictamente prohibida su reproducci\u00f3n, distribuci\u00f3n, comunicaci\u00f3n p\u00fablica, transformaci\u00f3n o cualquier otra actividad que pueda realizarse con los contenidos de sus p\u00e1ginas web, incluso citando las fuentes, salvo que se cuente con el consentimiento previo y por escrito de Clara Mar Privat Vives. <\/p><hr><h3><strong>CONTENIDOS Y ENLACES DEL SITIO WEB<\/strong><\/h3><p>Clara Mar Privat Vives se reserva el derecho a actualizar, modificar o eliminar la informaci\u00f3n contenida en sus p\u00e1ginas web, pudiendo incluso limitar o denegar el acceso a dicha informaci\u00f3n a determinados usuarios.<\/p><p>Clara Mar Privat Vives no asume responsabilidad alguna por la informaci\u00f3n contenida en sitios web de terceros a los que se pueda acceder mediante enlaces desde cualquier p\u00e1gina web titularidad de Clara Mar Privat Vives. La presencia de enlaces en las p\u00e1ginas web de Clara Mar Privat Vives tiene una finalidad meramente informativa y en ning\u00fan caso implica sugerencia, invitaci\u00f3n o recomendaci\u00f3n alguna sobre los mismos. <\/p>\t\t\t\t\t\t\t\t<\/div>\n\t\t\t\t<\/div>\n\t\t\t\t\t<\/div>\n\t\t<\/div>\n\t\t\t\t\t<\/div>\n\t\t<\/section>\n\t\t\t\t<\/div>\n\t\t","protected":false},"excerpt":{"rendered":"<p>Aviso Legal En cumplimiento del art\u00edculo 10 de la Ley 34\/2002, de 11 de julio, de Servicios de la Sociedad de la Informaci\u00f3n y de Comercio Electr\u00f3nico (LSSICE), a continuaci\u00f3n&hellip;<\/p>\n","protected":false},"author":1,"featured_media":0,"parent":0,"menu_order":0,"comment_status":"closed","ping_status":"closed","template":"","meta":{"inline_featured_image":false,"footnotes":""},"class_list":["post-34787","page","type-page","status-publish","hentry"],"yoast_head":"<!-- This site is optimized with the Yoast SEO plugin v27.3 - https:\/\/yoast.com\/product\/yoast-seo-wordpress\/ -->\n<title>Aviso Legal - Clara Privat<\/title>\n<meta name=\"robots\" content=\"index, follow, max-snippet:-1, max-image-preview:large, max-video-preview:-1\" \/>\n<link rel=\"canonical\" href=\"https:\/\/www.claraprivat.com\/legal-notice\/\" \/>\n<meta property=\"og:locale\" content=\"es_ES\" \/>\n<meta property=\"og:type\" content=\"article\" \/>\n<meta property=\"og:title\" content=\"Aviso Legal - Clara Privat\" \/>\n<meta property=\"og:description\" content=\"Aviso Legal En cumplimiento del art\u00edculo 10 de la Ley 34\/2002, de 11 de julio, de Servicios de la Sociedad de la Informaci\u00f3n y de Comercio Electr\u00f3nico (LSSICE), a continuaci\u00f3n&hellip;\" \/>\n<meta property=\"og:url\" content=\"https:\/\/www.claraprivat.com\/legal-notice\/\" \/>\n<meta property=\"og:site_name\" content=\"Clara Privat\" \/>\n<meta property=\"article:modified_time\" content=\"2026-04-10T12:00:57+00:00\" \/>\n<meta name=\"twitter:card\" content=\"summary_large_image\" \/>\n<meta name=\"twitter:label1\" content=\"Tiempo de lectura\" \/>\n\t<meta name=\"twitter:data1\" content=\"2 minutos\" \/>\n<script type=\"application\/ld+json\" class=\"yoast-schema-graph\">{\"@context\":\"https:\\\/\\\/schema.org\",\"@graph\":[{\"@type\":\"WebPage\",\"@id\":\"https:\\\/\\\/www.claraprivat.com\\\/legal-notice\\\/\",\"url\":\"https:\\\/\\\/www.claraprivat.com\\\/legal-notice\\\/\",\"name\":\"Aviso Legal - Clara Privat\",\"isPartOf\":{\"@id\":\"https:\\\/\\\/www.claraprivat.com\\\/#website\"},\"datePublished\":\"2026-04-09T08:29:56+00:00\",\"dateModified\":\"2026-04-10T12:00:57+00:00\",\"breadcrumb\":{\"@id\":\"https:\\\/\\\/www.claraprivat.com\\\/legal-notice\\\/#breadcrumb\"},\"inLanguage\":\"es\",\"potentialAction\":[{\"@type\":\"ReadAction\",\"target\":[\"https:\\\/\\\/www.claraprivat.com\\\/legal-notice\\\/\"]}]},{\"@type\":\"BreadcrumbList\",\"@id\":\"https:\\\/\\\/www.claraprivat.com\\\/legal-notice\\\/#breadcrumb\",\"itemListElement\":[{\"@type\":\"ListItem\",\"position\":1,\"name\":\"Home\",\"item\":\"https:\\\/\\\/www.claraprivat.com\\\/es\\\/\"},{\"@type\":\"ListItem\",\"position\":2,\"name\":\"Aviso Legal\"}]},{\"@type\":\"WebSite\",\"@id\":\"https:\\\/\\\/www.claraprivat.com\\\/#website\",\"url\":\"https:\\\/\\\/www.claraprivat.com\\\/\",\"name\":\"Clara Privat\",\"description\":\"Acting - Modeling - Photographer\",\"publisher\":{\"@id\":\"https:\\\/\\\/www.claraprivat.com\\\/#organization\"},\"potentialAction\":[{\"@type\":\"SearchAction\",\"target\":{\"@type\":\"EntryPoint\",\"urlTemplate\":\"https:\\\/\\\/www.claraprivat.com\\\/?s={search_term_string}\"},\"query-input\":{\"@type\":\"PropertyValueSpecification\",\"valueRequired\":true,\"valueName\":\"search_term_string\"}}],\"inLanguage\":\"es\"},{\"@type\":\"Organization\",\"@id\":\"https:\\\/\\\/www.claraprivat.com\\\/#organization\",\"name\":\"Clara Privat\",\"url\":\"https:\\\/\\\/www.claraprivat.com\\\/\",\"logo\":{\"@type\":\"ImageObject\",\"inLanguage\":\"es\",\"@id\":\"https:\\\/\\\/www.claraprivat.com\\\/#\\\/schema\\\/logo\\\/image\\\/\",\"url\":\"https:\\\/\\\/www.claraprivat.com\\\/wp-content\\\/uploads\\\/2026\\\/04\\\/Logo-blanco.png\",\"contentUrl\":\"https:\\\/\\\/www.claraprivat.com\\\/wp-content\\\/uploads\\\/2026\\\/04\\\/Logo-blanco.png\",\"width\":830,\"height\":115,\"caption\":\"Clara Privat\"},\"image\":{\"@id\":\"https:\\\/\\\/www.claraprivat.com\\\/#\\\/schema\\\/logo\\\/image\\\/\"}}]}<\/script>\n<!-- \/ Yoast SEO plugin. -->","yoast_head_json":{"title":"Aviso Legal - Clara Privat","robots":{"index":"index","follow":"follow","max-snippet":"max-snippet:-1","max-image-preview":"max-image-preview:large","max-video-preview":"max-video-preview:-1"},"canonical":"https:\/\/www.claraprivat.com\/legal-notice\/","og_locale":"es_ES","og_type":"article","og_title":"Aviso Legal - Clara Privat","og_description":"Aviso Legal En cumplimiento del art\u00edculo 10 de la Ley 34\/2002, de 11 de julio, de Servicios de la Sociedad de la Informaci\u00f3n y de Comercio Electr\u00f3nico (LSSICE), a continuaci\u00f3n&hellip;","og_url":"https:\/\/www.claraprivat.com\/legal-notice\/","og_site_name":"Clara Privat","article_modified_time":"2026-04-10T12:00:57+00:00","twitter_card":"summary_large_image","twitter_misc":{"Tiempo de lectura":"2 minutos"},"schema":{"@context":"https:\/\/schema.org","@graph":[{"@type":"WebPage","@id":"https:\/\/www.claraprivat.com\/legal-notice\/","url":"https:\/\/www.claraprivat.com\/legal-notice\/","name":"Aviso Legal - Clara Privat","isPartOf":{"@id":"https:\/\/www.claraprivat.com\/#website"},"datePublished":"2026-04-09T08:29:56+00:00","dateModified":"2026-04-10T12:00:57+00:00","breadcrumb":{"@id":"https:\/\/www.claraprivat.com\/legal-notice\/#breadcrumb"},"inLanguage":"es","potentialAction":[{"@type":"ReadAction","target":["https:\/\/www.claraprivat.com\/legal-notice\/"]}]},{"@type":"BreadcrumbList","@id":"https:\/\/www.claraprivat.com\/legal-notice\/#breadcrumb","itemListElement":[{"@type":"ListItem","position":1,"name":"Home","item":"https:\/\/www.claraprivat.com\/es\/"},{"@type":"ListItem","position":2,"name":"Aviso Legal"}]},{"@type":"WebSite","@id":"https:\/\/www.claraprivat.com\/#website","url":"https:\/\/www.claraprivat.com\/","name":"Clara Privat","description":"Acting - Modeling - Photographer","publisher":{"@id":"https:\/\/www.claraprivat.com\/#organization"},"potentialAction":[{"@type":"SearchAction","target":{"@type":"EntryPoint","urlTemplate":"https:\/\/www.claraprivat.com\/?s={search_term_string}"},"query-input":{"@type":"PropertyValueSpecification","valueRequired":true,"valueName":"search_term_string"}}],"inLanguage":"es"},{"@type":"Organization","@id":"https:\/\/www.claraprivat.com\/#organization","name":"Clara Privat","url":"https:\/\/www.claraprivat.com\/","logo":{"@type":"ImageObject","inLanguage":"es","@id":"https:\/\/www.claraprivat.com\/#\/schema\/logo\/image\/","url":"https:\/\/www.claraprivat.com\/wp-content\/uploads\/2026\/04\/Logo-blanco.png","contentUrl":"https:\/\/www.claraprivat.com\/wp-content\/uploads\/2026\/04\/Logo-blanco.png","width":830,"height":115,"caption":"Clara Privat"},"image":{"@id":"https:\/\/www.claraprivat.com\/#\/schema\/logo\/image\/"}}]}},"_links":{"self":[{"href":"https:\/\/www.claraprivat.com\/es\/wp-json\/wp\/v2\/pages\/34787","targetHints":{"allow":["GET"]}}],"collection":[{"href":"https:\/\/www.claraprivat.com\/es\/wp-json\/wp\/v2\/pages"}],"about":[{"href":"https:\/\/www.claraprivat.com\/es\/wp-json\/wp\/v2\/types\/page"}],"author":[{"embeddable":true,"href":"https:\/\/www.claraprivat.com\/es\/wp-json\/wp\/v2\/users\/1"}],"replies":[{"embeddable":true,"href":"https:\/\/www.claraprivat.com\/es\/wp-json\/wp\/v2\/comments?post=34787"}],"version-history":[{"count":3,"href":"https:\/\/www.claraprivat.com\/es\/wp-json\/wp\/v2\/pages\/34787\/revisions"}],"predecessor-version":[{"id":35215,"href":"https:\/\/www.claraprivat.com\/es\/wp-json\/wp\/v2\/pages\/34787\/revisions\/35215"}],"wp:attachment":[{"href":"https:\/\/www.claraprivat.com\/es\/wp-json\/wp\/v2\/media?parent=34787"}],"curies":[{"name":"wp","href":"https:\/\/api.w.org\/{rel}","templated":true}]}}