{"id":34792,"date":"2020-04-30T11:12:41","date_gmt":"2020-04-30T09:12:41","guid":{"rendered":"https:\/\/www.claraprivat.com\/contacto\/"},"modified":"2026-04-09T12:47:54","modified_gmt":"2026-04-09T10:47:54","slug":"contacto","status":"publish","type":"page","link":"https:\/\/www.claraprivat.com\/es\/contacto\/","title":{"rendered":"CONTACTO"},"content":{"rendered":"\t\t<div data-elementor-type=\"wp-page\" data-elementor-id=\"34792\" class=\"elementor elementor-34792 elementor-1453\">\n\t\t\t\t\t\t<section class=\"elementor-section elementor-top-section elementor-element elementor-element-6e068dc7 elementor-section-boxed elementor-section-height-default elementor-section-height-default sc_fly_static\" data-id=\"6e068dc7\" data-element_type=\"section\" data-e-type=\"section\" data-settings=\"{&quot;background_background&quot;:&quot;classic&quot;}\">\n\t\t\t\t\t\t<div class=\"elementor-container elementor-column-gap-no\">\n\t\t\t\t\t<div class=\"elementor-column elementor-col-100 elementor-top-column elementor-element elementor-element-289966b8 sc_content_align_inherit sc_layouts_column_icons_position_left sc_fly_static\" data-id=\"289966b8\" data-element_type=\"column\" data-e-type=\"column\">\n\t\t\t<div class=\"elementor-widget-wrap elementor-element-populated\">\n\t\t\t\t\t\t<div class=\"elementor-element elementor-element-4680f2cd sc_height_huge sc_fly_static elementor-widget elementor-widget-spacer\" data-id=\"4680f2cd\" data-element_type=\"widget\" data-e-type=\"widget\" data-widget_type=\"spacer.default\">\n\t\t\t\t<div class=\"elementor-widget-container\">\n\t\t\t\t\t\t\t<div class=\"elementor-spacer\">\n\t\t\t<div class=\"elementor-spacer-inner\"><\/div>\n\t\t<\/div>\n\t\t\t\t\t\t<\/div>\n\t\t\t\t<\/div>\n\t\t\t\t<section class=\"elementor-section elementor-inner-section elementor-element elementor-element-10dea643 elementor-section-boxed elementor-section-height-default elementor-section-height-default sc_fly_static\" data-id=\"10dea643\" data-element_type=\"section\" data-e-type=\"section\">\n\t\t\t\t\t\t<div class=\"elementor-container elementor-column-gap-no\">\n\t\t\t\t\t<div class=\"elementor-column elementor-col-50 elementor-inner-column elementor-element elementor-element-61a0e39b sc_content_align_inherit sc_layouts_column_icons_position_left sc_fly_static\" data-id=\"61a0e39b\" data-element_type=\"column\" data-e-type=\"column\">\n\t\t\t<div class=\"elementor-widget-wrap elementor-element-populated\">\n\t\t\t\t\t\t<div class=\"elementor-element elementor-element-70338b7d sc_fly_static elementor-widget elementor-widget-trx_sc_title\" data-id=\"70338b7d\" data-element_type=\"widget\" data-e-type=\"widget\" data-widget_type=\"trx_sc_title.default\">\n\t\t\t\t<div class=\"elementor-widget-container\">\n\t\t\t\t\t<div\t\tclass=\"sc_title sc_title_default\" ><span class=\"sc_item_subtitle sc_title_subtitle sc_item_subtitle_above sc_item_title_style_default\">Contacto<\/span><h1 class=\"sc_item_title sc_title_title sc_item_title_style_default sc_item_title_tag\"\n\t\t\t><span class=\"sc_item_title_text\">\u00bfTiene preguntas? \u00a1P\u00f3ngase en contacto! <\/span><\/h1><\/div>\t\t\t\t<\/div>\n\t\t\t\t<\/div>\n\t\t\t\t<div class=\"elementor-element elementor-element-2d493f71 sc_fly_static elementor-widget elementor-widget-spacer\" data-id=\"2d493f71\" data-element_type=\"widget\" data-e-type=\"widget\" data-widget_type=\"spacer.default\">\n\t\t\t\t<div class=\"elementor-widget-container\">\n\t\t\t\t\t\t\t<div class=\"elementor-spacer\">\n\t\t\t<div class=\"elementor-spacer-inner\"><\/div>\n\t\t<\/div>\n\t\t\t\t\t\t<\/div>\n\t\t\t\t<\/div>\n\t\t\t\t<div class=\"elementor-element elementor-element-6553f95b sc_fly_static elementor-widget elementor-widget-trx_sc_icons\" data-id=\"6553f95b\" data-element_type=\"widget\" data-e-type=\"widget\" data-widget_type=\"trx_sc_icons.default\">\n\t\t\t\t<div class=\"elementor-widget-container\">\n\t\t\t\t\t<div \tclass=\"sc_icons sc_icons_simple sc_icons_size_small sc_align_none\" ><div class=\"sc_icons_item with_more\"><div class=\"sc_icons_icon sc_icon_type_ icon-marker\" style=\"color: #C69E50\" ><span class=\"sc_icon_type_ icon-marker\" style=\"color: #C69E50\"><\/span><\/div><div class=\"sc_icons_item_details\"><div class=\"sc_icons_item_description\"><span>Direcci\u00f3n<\/span><span>C\/ Siracusa, 17 - Piso 4 - Puerta 1 \u00b7 08012B \u00b7 Barcelona<\/span><\/div><\/div><\/div><div class=\"sc_icons_item sc_icons_item_linked with_more\"><div class=\"sc_icons_icon sc_icon_type_ icon-iphone\" style=\"color: #C69E50\" ><span class=\"sc_icon_type_ icon-iphone\" style=\"color: #C69E50\"><\/span><\/div><div class=\"sc_icons_item_details\"><a href=\"tel:(+34)\u202d649042890\u202c\" class=\"sc_icons_item_more_link\">\n                        <span class=\"link_text\">\u202d649 042 890\u202c<\/span><span class=\"link_icon\"><\/span>\n                        <\/a><a href=\"tel:(+34)\u202d649042890\u202c\"\n                        class=\"sc_icons_item_link\">\n                        <\/a><\/div><\/div><div class=\"sc_icons_item with_more\"><div class=\"sc_icons_icon sc_icon_type_ icon-envelope-2\" style=\"color: #C69E50\" ><span class=\"sc_icon_type_ icon-envelope-2\" style=\"color: #C69E50\"><\/span><\/div><div class=\"sc_icons_item_details\"><div class=\"sc_icons_item_description\"><span><a href=\"mailto:thisis@claraprivatvives.com\">thisis@claraprivatvives.com<\/a><\/span><\/div><\/div><\/div><\/div><!-- \/.sc_icons -->\t\t\t\t<\/div>\n\t\t\t\t<\/div>\n\t\t\t\t\t<\/div>\n\t\t<\/div>\n\t\t\t\t<div class=\"elementor-column elementor-col-50 elementor-inner-column elementor-element elementor-element-34ad5816 sc_content_align_inherit sc_layouts_column_icons_position_left sc_fly_static\" data-id=\"34ad5816\" data-element_type=\"column\" data-e-type=\"column\">\n\t\t\t<div class=\"elementor-widget-wrap elementor-element-populated\">\n\t\t\t\t\t\t<div class=\"elementor-element elementor-element-32e3256 sc_layouts_hide_on_tablet sc_fly_static elementor-widget elementor-widget-spacer\" data-id=\"32e3256\" data-element_type=\"widget\" data-e-type=\"widget\" data-widget_type=\"spacer.default\">\n\t\t\t\t<div class=\"elementor-widget-container\">\n\t\t\t\t\t\t\t<div class=\"elementor-spacer\">\n\t\t\t<div class=\"elementor-spacer-inner\"><\/div>\n\t\t<\/div>\n\t\t\t\t\t\t<\/div>\n\t\t\t\t<\/div>\n\t\t\t\t<div class=\"elementor-element elementor-element-4720606a sc_fly_static elementor-widget elementor-widget-trx_sc_contact_form_7\" data-id=\"4720606a\" data-element_type=\"widget\" data-e-type=\"widget\" data-widget_type=\"trx_sc_contact_form_7.default\">\n\t\t\t\t<div class=\"elementor-widget-container\">\n\t\t\t\t\t\n<div class=\"wpcf7 no-js\" id=\"wpcf7-f34771-o1\" lang=\"es-ES\" dir=\"ltr\" data-wpcf7-id=\"34771\">\n<div class=\"screen-reader-response\"><p role=\"status\" aria-live=\"polite\" aria-atomic=\"true\"><\/p> <ul><\/ul><\/div>\n<form action=\"\/es\/wp-json\/wp\/v2\/pages\/34792#wpcf7-f34771-o1\" method=\"post\" class=\"wpcf7-form init\" aria-label=\"Formulario de contacto\" novalidate=\"novalidate\" data-status=\"init\">\n<fieldset class=\"hidden-fields-container\"><input type=\"hidden\" name=\"_wpcf7\" value=\"34771\" \/><input type=\"hidden\" name=\"_wpcf7_version\" value=\"6.1.5\" \/><input type=\"hidden\" name=\"_wpcf7_locale\" value=\"es_ES\" \/><input type=\"hidden\" name=\"_wpcf7_unit_tag\" value=\"wpcf7-f34771-o1\" \/><input type=\"hidden\" name=\"_wpcf7_container_post\" value=\"0\" \/><input type=\"hidden\" name=\"_wpcf7_posted_data_hash\" value=\"\" \/><input type=\"hidden\" name=\"_wpcf7_recaptcha_response\" value=\"\" \/>\n<\/fieldset>\n<div class=\"row\">\n\t<div class=\"col-md-6 col-sm-6 col-xs-12\">\n\t\t<p><span class=\"wpcf7-form-control-wrap\" data-name=\"your-name\"><input size=\"40\" maxlength=\"400\" class=\"wpcf7-form-control wpcf7-text wpcf7-validates-as-required\" aria-required=\"true\" aria-invalid=\"false\" placeholder=\"Nombre\" value=\"\" type=\"text\" name=\"your-name\" \/><\/span>\n\t\t<\/p>\n\t<\/div>\n\t<div class=\"col-md-6 col-sm-6 col-xs-12\">\n\t\t<p><span class=\"wpcf7-form-control-wrap\" data-name=\"your-email\"><input size=\"40\" maxlength=\"400\" class=\"wpcf7-form-control wpcf7-email wpcf7-validates-as-required wpcf7-text wpcf7-validates-as-email\" aria-required=\"true\" aria-invalid=\"false\" placeholder=\"Correo electr\u00f3nico\" value=\"\" type=\"email\" name=\"your-email\" \/><\/span>\n\t\t<\/p>\n\t<\/div>\n\t<div class=\"col-md-12 col-sm-12 col-xs-12\">\n\t\t<p><span class=\"wpcf7-form-control-wrap\" data-name=\"your-message\"><textarea cols=\"40\" rows=\"10\" maxlength=\"2000\" class=\"wpcf7-form-control wpcf7-textarea wpcf7-validates-as-required\" aria-required=\"true\" aria-invalid=\"false\" placeholder=\"Deje su mensaje\" name=\"your-message\"><\/textarea><\/span>\n\t\t<\/p>\n\t<\/div>\n<\/div>\n<div class=\"finalidad-form\">\n\t<p>La finalidad y el uso previsto tanto de los datos en s\u00ed mismos como de su tratamiento es prestarle el servicio solicitado o entregarle el producto adquirido. A continuaci\u00f3n, podr\u00e1 aceptar las finalidades que considere convenientes marcando la casilla correspondiente y haciendo clic en el bot\u00f3n ENVIAR. Tenga en cuenta que algunas finalidades pueden ser necesarias para poder prestarle el servicio; en caso de NO marcar dichas casillas, no se podr\u00e1 prestar\/entregar el servicio\/producto asociado. M\u00e1s informaci\u00f3n en nuestra <a style=\"text-decoration:underline; display:inline-block;\" target=\"_blank\" href=\"https:\/\/\/www.claraprivat.com\/politica-de-privacidad\/\">Pol\u00edtica de privacidad<\/a>.\n\t<\/p>\n<\/div>\n<div class=\"finalidad-form\">\n\t<p><span class=\"wpcf7-form-control-wrap\" data-name=\"casilla-contacto\"><span class=\"wpcf7-form-control wpcf7-acceptance\"><span class=\"wpcf7-list-item\"><label><input type=\"checkbox\" name=\"casilla-contacto\" value=\"1\" aria-invalid=\"false\" \/><span class=\"wpcf7-list-item-label\">Acepto el tratamiento de mis datos con la finalidad de: resoluci\u00f3n de dudas, env\u00edo de presupuestos, prestaci\u00f3n del servicio contratado y\/o env\u00edo del producto adquirido.<\/span><\/label><\/span><\/span><\/span>\n\t<\/p>\n<\/div>\n<div class=\"finalidad-form\">\n\t<p><span class=\"wpcf7-form-control-wrap\" data-name=\"casilla-publicidad\"><span class=\"wpcf7-form-control wpcf7-acceptance optional\"><span class=\"wpcf7-list-item\"><label><input type=\"checkbox\" name=\"casilla-publicidad\" value=\"1\" aria-invalid=\"false\" \/><span class=\"wpcf7-list-item-label\">Acepto el tratamiento de mis datos con la finalidad de: env\u00edo de ofertas de productos y servicios de mi inter\u00e9s.<\/span><\/label><\/span><\/span><\/span>\n\t<\/p>\n<\/div>\n<div class=\"text-center\">\n\t<p><input class=\"wpcf7-form-control wpcf7-submit has-spinner\" type=\"submit\" value=\"ENVIAR\" \/>\n\t<\/p>\n<\/div><div class=\"wpcf7-response-output\" aria-hidden=\"true\"><\/div>\n<\/form>\n<\/div>\n\t\t\t\t<\/div>\n\t\t\t\t<\/div>\n\t\t\t\t\t<\/div>\n\t\t<\/div>\n\t\t\t\t\t<\/div>\n\t\t<\/section>\n\t\t\t\t<div class=\"elementor-element elementor-element-180b1be1 sc_height_huge sc_fly_static elementor-widget elementor-widget-spacer\" data-id=\"180b1be1\" data-element_type=\"widget\" data-e-type=\"widget\" data-widget_type=\"spacer.default\">\n\t\t\t\t<div class=\"elementor-widget-container\">\n\t\t\t\t\t\t\t<div class=\"elementor-spacer\">\n\t\t\t<div class=\"elementor-spacer-inner\"><\/div>\n\t\t<\/div>\n\t\t\t\t\t\t<\/div>\n\t\t\t\t<\/div>\n\t\t\t\t\t<\/div>\n\t\t<\/div>\n\t\t\t\t\t<\/div>\n\t\t<\/section>\n\t\t\t\t<\/div>\n\t\t","protected":false},"excerpt":{"rendered":"<p>Contacto \u00bfTiene preguntas? \u00a1P\u00f3ngase en contacto! Direcci\u00f3nC\/ Siracusa, 17 &#8211; Piso 4 &#8211; Puerta 1 \u00b7 08012B \u00b7 Barcelona \u202d649 042 890\u202c thisis@claraprivatvives.com La finalidad y uso previsto tanto de&hellip;<\/p>\n","protected":false},"author":1,"featured_media":0,"parent":0,"menu_order":0,"comment_status":"closed","ping_status":"closed","template":"","meta":{"inline_featured_image":false,"footnotes":""},"class_list":["post-34792","page","type-page","status-publish","hentry"],"yoast_head":"<!-- This site is optimized with the Yoast SEO plugin v27.3 - https:\/\/yoast.com\/product\/yoast-seo-wordpress\/ -->\n<title>CONTACTO - Clara Privat<\/title>\n<meta name=\"robots\" content=\"index, follow, max-snippet:-1, max-image-preview:large, max-video-preview:-1\" \/>\n<link rel=\"canonical\" href=\"https:\/\/www.claraprivat.com\/contact\/\" \/>\n<meta property=\"og:locale\" content=\"es_ES\" \/>\n<meta property=\"og:type\" content=\"article\" \/>\n<meta property=\"og:title\" content=\"CONTACTO - Clara Privat\" \/>\n<meta property=\"og:description\" content=\"Contacto \u00bfTiene preguntas? \u00a1P\u00f3ngase en contacto! Direcci\u00f3nC\/ Siracusa, 17 &#8211; Piso 4 &#8211; Puerta 1 \u00b7 08012B \u00b7 Barcelona \u202d649 042 890\u202c thisis@claraprivatvives.com La finalidad y uso previsto tanto de&hellip;\" \/>\n<meta property=\"og:url\" content=\"https:\/\/www.claraprivat.com\/contact\/\" \/>\n<meta property=\"og:site_name\" content=\"Clara Privat\" \/>\n<meta property=\"article:modified_time\" content=\"2026-04-09T10:47:54+00:00\" \/>\n<meta name=\"twitter:card\" content=\"summary_large_image\" \/>\n<meta name=\"twitter:label1\" content=\"Tiempo de lectura\" \/>\n\t<meta name=\"twitter:data1\" content=\"1 minuto\" \/>\n<script type=\"application\/ld+json\" class=\"yoast-schema-graph\">{\"@context\":\"https:\\\/\\\/schema.org\",\"@graph\":[{\"@type\":\"WebPage\",\"@id\":\"https:\\\/\\\/www.claraprivat.com\\\/contact\\\/\",\"url\":\"https:\\\/\\\/www.claraprivat.com\\\/contact\\\/\",\"name\":\"CONTACTO - Clara Privat\",\"isPartOf\":{\"@id\":\"https:\\\/\\\/www.claraprivat.com\\\/#website\"},\"datePublished\":\"2020-04-30T09:12:41+00:00\",\"dateModified\":\"2026-04-09T10:47:54+00:00\",\"breadcrumb\":{\"@id\":\"https:\\\/\\\/www.claraprivat.com\\\/contact\\\/#breadcrumb\"},\"inLanguage\":\"es\",\"potentialAction\":[{\"@type\":\"ReadAction\",\"target\":[\"https:\\\/\\\/www.claraprivat.com\\\/contact\\\/\"]}]},{\"@type\":\"BreadcrumbList\",\"@id\":\"https:\\\/\\\/www.claraprivat.com\\\/contact\\\/#breadcrumb\",\"itemListElement\":[{\"@type\":\"ListItem\",\"position\":1,\"name\":\"Home\",\"item\":\"https:\\\/\\\/www.claraprivat.com\\\/es\\\/\"},{\"@type\":\"ListItem\",\"position\":2,\"name\":\"CONTACTO\"}]},{\"@type\":\"WebSite\",\"@id\":\"https:\\\/\\\/www.claraprivat.com\\\/#website\",\"url\":\"https:\\\/\\\/www.claraprivat.com\\\/\",\"name\":\"Clara Privat\",\"description\":\"Acting - Modeling - Photographer\",\"publisher\":{\"@id\":\"https:\\\/\\\/www.claraprivat.com\\\/#organization\"},\"potentialAction\":[{\"@type\":\"SearchAction\",\"target\":{\"@type\":\"EntryPoint\",\"urlTemplate\":\"https:\\\/\\\/www.claraprivat.com\\\/?s={search_term_string}\"},\"query-input\":{\"@type\":\"PropertyValueSpecification\",\"valueRequired\":true,\"valueName\":\"search_term_string\"}}],\"inLanguage\":\"es\"},{\"@type\":\"Organization\",\"@id\":\"https:\\\/\\\/www.claraprivat.com\\\/#organization\",\"name\":\"Clara Privat\",\"url\":\"https:\\\/\\\/www.claraprivat.com\\\/\",\"logo\":{\"@type\":\"ImageObject\",\"inLanguage\":\"es\",\"@id\":\"https:\\\/\\\/www.claraprivat.com\\\/#\\\/schema\\\/logo\\\/image\\\/\",\"url\":\"https:\\\/\\\/www.claraprivat.com\\\/wp-content\\\/uploads\\\/2026\\\/04\\\/Logo-blanco.png\",\"contentUrl\":\"https:\\\/\\\/www.claraprivat.com\\\/wp-content\\\/uploads\\\/2026\\\/04\\\/Logo-blanco.png\",\"width\":830,\"height\":115,\"caption\":\"Clara Privat\"},\"image\":{\"@id\":\"https:\\\/\\\/www.claraprivat.com\\\/#\\\/schema\\\/logo\\\/image\\\/\"}}]}<\/script>\n<!-- \/ Yoast SEO plugin. -->","yoast_head_json":{"title":"CONTACTO - Clara Privat","robots":{"index":"index","follow":"follow","max-snippet":"max-snippet:-1","max-image-preview":"max-image-preview:large","max-video-preview":"max-video-preview:-1"},"canonical":"https:\/\/www.claraprivat.com\/contact\/","og_locale":"es_ES","og_type":"article","og_title":"CONTACTO - Clara Privat","og_description":"Contacto \u00bfTiene preguntas? \u00a1P\u00f3ngase en contacto! Direcci\u00f3nC\/ Siracusa, 17 &#8211; Piso 4 &#8211; Puerta 1 \u00b7 08012B \u00b7 Barcelona \u202d649 042 890\u202c thisis@claraprivatvives.com La finalidad y uso previsto tanto de&hellip;","og_url":"https:\/\/www.claraprivat.com\/contact\/","og_site_name":"Clara Privat","article_modified_time":"2026-04-09T10:47:54+00:00","twitter_card":"summary_large_image","twitter_misc":{"Tiempo de lectura":"1 minuto"},"schema":{"@context":"https:\/\/schema.org","@graph":[{"@type":"WebPage","@id":"https:\/\/www.claraprivat.com\/contact\/","url":"https:\/\/www.claraprivat.com\/contact\/","name":"CONTACTO - Clara Privat","isPartOf":{"@id":"https:\/\/www.claraprivat.com\/#website"},"datePublished":"2020-04-30T09:12:41+00:00","dateModified":"2026-04-09T10:47:54+00:00","breadcrumb":{"@id":"https:\/\/www.claraprivat.com\/contact\/#breadcrumb"},"inLanguage":"es","potentialAction":[{"@type":"ReadAction","target":["https:\/\/www.claraprivat.com\/contact\/"]}]},{"@type":"BreadcrumbList","@id":"https:\/\/www.claraprivat.com\/contact\/#breadcrumb","itemListElement":[{"@type":"ListItem","position":1,"name":"Home","item":"https:\/\/www.claraprivat.com\/es\/"},{"@type":"ListItem","position":2,"name":"CONTACTO"}]},{"@type":"WebSite","@id":"https:\/\/www.claraprivat.com\/#website","url":"https:\/\/www.claraprivat.com\/","name":"Clara Privat","description":"Acting - Modeling - Photographer","publisher":{"@id":"https:\/\/www.claraprivat.com\/#organization"},"potentialAction":[{"@type":"SearchAction","target":{"@type":"EntryPoint","urlTemplate":"https:\/\/www.claraprivat.com\/?s={search_term_string}"},"query-input":{"@type":"PropertyValueSpecification","valueRequired":true,"valueName":"search_term_string"}}],"inLanguage":"es"},{"@type":"Organization","@id":"https:\/\/www.claraprivat.com\/#organization","name":"Clara Privat","url":"https:\/\/www.claraprivat.com\/","logo":{"@type":"ImageObject","inLanguage":"es","@id":"https:\/\/www.claraprivat.com\/#\/schema\/logo\/image\/","url":"https:\/\/www.claraprivat.com\/wp-content\/uploads\/2026\/04\/Logo-blanco.png","contentUrl":"https:\/\/www.claraprivat.com\/wp-content\/uploads\/2026\/04\/Logo-blanco.png","width":830,"height":115,"caption":"Clara Privat"},"image":{"@id":"https:\/\/www.claraprivat.com\/#\/schema\/logo\/image\/"}}]}},"_links":{"self":[{"href":"https:\/\/www.claraprivat.com\/es\/wp-json\/wp\/v2\/pages\/34792","targetHints":{"allow":["GET"]}}],"collection":[{"href":"https:\/\/www.claraprivat.com\/es\/wp-json\/wp\/v2\/pages"}],"about":[{"href":"https:\/\/www.claraprivat.com\/es\/wp-json\/wp\/v2\/types\/page"}],"author":[{"embeddable":true,"href":"https:\/\/www.claraprivat.com\/es\/wp-json\/wp\/v2\/users\/1"}],"replies":[{"embeddable":true,"href":"https:\/\/www.claraprivat.com\/es\/wp-json\/wp\/v2\/comments?post=34792"}],"version-history":[{"count":3,"href":"https:\/\/www.claraprivat.com\/es\/wp-json\/wp\/v2\/pages\/34792\/revisions"}],"predecessor-version":[{"id":34799,"href":"https:\/\/www.claraprivat.com\/es\/wp-json\/wp\/v2\/pages\/34792\/revisions\/34799"}],"wp:attachment":[{"href":"https:\/\/www.claraprivat.com\/es\/wp-json\/wp\/v2\/media?parent=34792"}],"curies":[{"name":"wp","href":"https:\/\/api.w.org\/{rel}","templated":true}]}}